{"id":7944,"date":"2019-04-02T08:54:29","date_gmt":"2019-04-02T12:54:29","guid":{"rendered":"http:\/\/www.incoop.gov.py\/v2\/?page_id=7944"},"modified":"2026-04-17T12:08:56","modified_gmt":"2026-04-17T15:08:56","slug":"prevencion-de-lavado-de-dinero","status":"publish","type":"page","link":"https:\/\/www.incoop.gov.py\/?page_id=7944","title":{"rendered":"Prevenci\u00f3n de Lavado de Dinero"},"content":{"rendered":"\t\t<div data-elementor-type=\"wp-page\" data-elementor-id=\"7944\" class=\"elementor elementor-7944\">\n\t\t\t\t\t\t<section class=\"elementor-section elementor-top-section elementor-element elementor-element-9bc642b elementor-section-boxed elementor-section-height-default elementor-section-height-default\" data-id=\"9bc642b\" data-element_type=\"section\">\n\t\t\t\t\t\t<div class=\"elementor-container elementor-column-gap-default\">\n\t\t\t\t\t<div class=\"elementor-column elementor-col-100 elementor-top-column elementor-element elementor-element-f6cefa0\" data-id=\"f6cefa0\" data-element_type=\"column\">\n\t\t\t<div class=\"elementor-widget-wrap elementor-element-populated\">\n\t\t\t\t\t\t<div class=\"elementor-element elementor-element-7236464 elementor-widget elementor-widget-text-editor\" data-id=\"7236464\" data-element_type=\"widget\" data-widget_type=\"text-editor.default\">\n\t\t\t\t<div class=\"elementor-widget-container\">\n\t\t\t\t\t\t\t\t\t<ul><li><a href=\"https:\/\/www.incoop.gov.py\/wp-content\/uploads\/2020\/11\/Res_22703-2020.pdf\" target=\"_blank\" rel=\"noopener\">Resoluci\u00f3n INCOOP 22703\/2020 Por la cual se internaliza la resoluci\u00f3n SEPRELAD N\u00b0 156\/2020&#8230;<\/a><\/li><li><a href=\"https:\/\/www.incoop.gov.py\/wp-content\/uploads\/2026\/04\/RES.-INCOOP-154-26-MODIF-RES-INCOOP-22957-20-MATRIZ-DE-RIESGO-LAFT.pdf\" target=\"_blank\" rel=\"noopener\">Resoluci\u00f3n INCOOP 154\/2026 Que modifica la Resoluci\u00f3n INCOOP N\u00b0 22957\/2020&#8230;<\/a><\/li><\/ul>\t\t\t\t\t\t\t\t<\/div>\n\t\t\t\t<\/div>\n\t\t\t\t\t<\/div>\n\t\t<\/div>\n\t\t\t\t\t<\/div>\n\t\t<\/section>\n\t\t\t\t<section class=\"elementor-section elementor-top-section elementor-element elementor-element-e669a46 elementor-section-boxed elementor-section-height-default elementor-section-height-default\" data-id=\"e669a46\" data-element_type=\"section\">\n\t\t\t\t\t\t<div class=\"elementor-container elementor-column-gap-default\">\n\t\t\t\t\t<div class=\"elementor-column elementor-col-100 elementor-top-column elementor-element elementor-element-89545dc\" data-id=\"89545dc\" data-element_type=\"column\">\n\t\t\t<div class=\"elementor-widget-wrap elementor-element-populated\">\n\t\t\t\t\t\t<div class=\"elementor-element elementor-element-f63167c elementor-widget elementor-widget-heading\" data-id=\"f63167c\" data-element_type=\"widget\" data-widget_type=\"heading.default\">\n\t\t\t\t<div class=\"elementor-widget-container\">\n\t\t\t\t\t<h2 class=\"elementor-heading-title elementor-size-default\">DECRETOS<\/h2>\t\t\t\t<\/div>\n\t\t\t\t<\/div>\n\t\t\t\t<div class=\"elementor-element elementor-element-fb78ad3 elementor-widget elementor-widget-text-editor\" data-id=\"fb78ad3\" data-element_type=\"widget\" data-widget_type=\"text-editor.default\">\n\t\t\t\t<div class=\"elementor-widget-container\">\n\t\t\t\t\t\t\t\t\t<ul><li><a href=\"https:\/\/www.incoop.gov.py\/wp-content\/uploads\/2019\/04\/Decret.-4561-10-Regl-Ley-1015-97.pdf\" target=\"_blank\" rel=\"noopener\">Decreto 4561\/2010 Reglamento Ley 1015\/1997<\/a><\/li><li><a href=\"https:\/\/www.incoop.gov.py\/wp-content\/uploads\/2019\/04\/Dto.-7949-17-Comite-interinstitucional.pdf\" target=\"_blank\" rel=\"noopener\">Decreto 7949\/2017 Comite interinstitucional<\/a><\/li><li><a href=\"https:\/\/www.incoop.gov.py\/wp-content\/uploads\/2019\/04\/Dto.-507-18-PEEP-Plan-de-Acci\u00f3n.pdf\" target=\"_blank\" rel=\"noopener\">Decreto 507\/2018 PEEP Plan de Acci\u00f3n<\/a><\/li><li><a href=\"https:\/\/www.incoop.gov.py\/wp-content\/uploads\/2019\/04\/Dto. 9302-18 ENR actualizacion\" target=\"_blank\" rel=\"noopener\" data-wplink-url-error=\"true\">Decreto 9302\/2018 ENR Actualizacion<\/a><\/li><li><a href=\"https:\/\/www.incoop.gov.py\/wp-content\/uploads\/2019\/04\/Decreto-3241-20-Crea-Registro-de-PJ-y-BF.pdf\" target=\"_blank\" rel=\"noopener\">Decreto 3241\/2020 Crea Registro de PJ y BF<\/a><\/li><li><a href=\"https:\/\/www.incoop.gov.py\/wp-content\/uploads\/2019\/04\/Decreto-3446-20-Amplia-Plazo-Registro-PJ-y-EJ.pdf\" target=\"_blank\" rel=\"noopener\">Decreto 3446\/2020 Amplia Plazo Registro PJ y EJ<\/a><\/li><\/ul>\t\t\t\t\t\t\t\t<\/div>\n\t\t\t\t<\/div>\n\t\t\t\t\t<\/div>\n\t\t<\/div>\n\t\t\t\t\t<\/div>\n\t\t<\/section>\n\t\t\t\t<section class=\"elementor-section elementor-top-section elementor-element elementor-element-f2af79d elementor-section-boxed elementor-section-height-default elementor-section-height-default\" data-id=\"f2af79d\" data-element_type=\"section\">\n\t\t\t\t\t\t<div class=\"elementor-container elementor-column-gap-default\">\n\t\t\t\t\t<div class=\"elementor-column elementor-col-100 elementor-top-column elementor-element elementor-element-8fd368f\" data-id=\"8fd368f\" data-element_type=\"column\">\n\t\t\t<div class=\"elementor-widget-wrap elementor-element-populated\">\n\t\t\t\t\t\t<div class=\"elementor-element elementor-element-be3ac2e elementor-widget elementor-widget-heading\" data-id=\"be3ac2e\" data-element_type=\"widget\" data-widget_type=\"heading.default\">\n\t\t\t\t<div class=\"elementor-widget-container\">\n\t\t\t\t\t<h2 class=\"elementor-heading-title elementor-size-default\">LEYES<\/h2>\t\t\t\t<\/div>\n\t\t\t\t<\/div>\n\t\t\t\t<div class=\"elementor-element elementor-element-4d5be26 elementor-widget elementor-widget-text-editor\" data-id=\"4d5be26\" data-element_type=\"widget\" data-widget_type=\"text-editor.default\">\n\t\t\t\t<div class=\"elementor-widget-container\">\n\t\t\t\t\t\t\t\t\t<ul><li><a href=\"https:\/\/www.incoop.gov.py\/wp-content\/uploads\/2019\/04\/LEY-1015_97-Prev.-y-Reprim.-Actos-Ilicitos.pdf\" target=\"_blank\" rel=\"noopener\">LEY 1015\/1997 Previene y Reprime Actos Il\u00edcitos<\/a><\/li><li><a href=\"https:\/\/www.incoop.gov.py\/wp-content\/uploads\/2019\/04\/LEY-3783_09-Modif-Art.-Ley-1015-97.pdf\" target=\"_blank\" rel=\"noopener\">LEY 3783\/2009 Modificaci\u00f3n Art\u00edculo Ley 1015\/1997<\/a><\/li><li><a href=\"https:\/\/www.incoop.gov.py\/wp-content\/uploads\/2019\/04\/LEY-4024-10-Castiga-hechos-punibles-de-Terrorismo.pdf\" target=\"_blank\" rel=\"noopener\">LEY 4024\/2010 Castiga hechos punibles de Terrorismo<\/a><\/li><li><a href=\"https:\/\/www.incoop.gov.py\/wp-content\/uploads\/2019\/04\/LEY-6379-COMPETENCIA-PENAL-DELITOS-ECON\u00d3MICOS-Y-CRIMEN-ORGANIZADO.pdf\" target=\"_blank\" rel=\"noopener\">LEY 6379\/2019 COMPETENCIA PENAL DELITOS ECON\u00d3MICOS Y CRIMEN ORGANIZADO<\/a><\/li><li><a href=\"https:\/\/www.incoop.gov.py\/wp-content\/uploads\/2019\/04\/LEY-6396-MODIFICA-ART\u00cdCULO-46-SENABICO.pdf\" target=\"_blank\" rel=\"noopener\">LEY 6396\/2019 MODIFICA ART\u00cdCULO 46 SENABICO<\/a><\/li><li><a href=\"https:\/\/www.incoop.gov.py\/wp-content\/uploads\/2019\/04\/LEY-6399-TRANSPARENCIA-EN-SOCIEDADES-POR-ACCIONES-Y-MEDIDAS-TRANSITORIAS.pdf\" target=\"_blank\" rel=\"noopener\">LEY 6399\/2019 TRANSPARENCIA EN SOCIEDADES POR ACCIONES Y MEDIDAS TRANSITORIAS<\/a><\/li><li><a href=\"https:\/\/www.incoop.gov.py\/wp-content\/uploads\/2019\/04\/LEY-6408-TERRORISMO-Y-FINANCIAMIENTO-DEL-TERRORISMO.pdf\" target=\"_blank\" rel=\"noopener\">LEY 6408\/2019 TERRORISMO Y FINANCIAMIENTO DEL TERRORISMO<\/a><\/li><li><a href=\"https:\/\/www.incoop.gov.py\/wp-content\/uploads\/2019\/04\/LEY-6419-INMOVILIZACI\u00d3N-DE-ACTIVOS-DE-PERSONAS-VINCULADAS-CON-EL-TERRORISMO-Y-ARMAS-DE-DESTRUCCI\u00d3N-MASIVA-Y-LISTAS-ONU.pdf\" target=\"_blank\" rel=\"noopener\">LEY 6419\/2019 INMOVILIZACI\u00d3N DE ACTIVOS DE PERSONAS VINCULADAS CON EL TERRORISMO Y ARMAS DE DESTRUCCI\u00d3N MASIVA Y LISTAS ONU<\/a><\/li><li><a href=\"https:\/\/www.incoop.gov.py\/wp-content\/uploads\/2019\/04\/LEY-6430-COHECHO-Y-SOBORNO-TRASNACIONAL.pdf\" target=\"_blank\" rel=\"noopener\">LEY 6430\/2019 COHECHO Y SOBORNO TRASNACIONAL<\/a><\/li><li><a href=\"https:\/\/www.incoop.gov.py\/wp-content\/uploads\/2019\/04\/LEY-6431-PROCEDIMIENTO-ESPECIAL-PARA-LA-APLICACI\u00d3N-DEL-COMISO.pdf\" target=\"_blank\" rel=\"noopener\">LEY 6431\/2019 PROCEDIMIENTO ESPECIAL PARA LA APLICACI\u00d3N DEL COMISO<\/a><\/li><li><a href=\"https:\/\/www.incoop.gov.py\/wp-content\/uploads\/2019\/04\/LEY-6446-REGISTRO-DE-PERSONAS-Y-ESTRUCTURAS-JUR\u00cdDICAS-Y-BENEFICIARIO-FINAL.pdf\" target=\"_blank\" rel=\"noopener\">LEY 6446\/2019 REGISTRO DE PERSONAS Y ESTRUCTURAS JUR\u00cdDICAS Y BENEFICIARIO FINAL<\/a><\/li><li><a href=\"https:\/\/www.incoop.gov.py\/wp-content\/uploads\/2019\/04\/LEY-6452-MODIFICA-TIPOS-DEL-C\u00d3DIGO-PENAL-Y-LAVADO-DE-ACTIVOS.pdf\" target=\"_blank\" rel=\"noopener\">LEY 6452\/2019 MODIFICA TIPOS DEL C\u00d3DIGO PENAL Y LAVADO DE ACTIVOS<\/a><\/li><li><a href=\"https:\/\/www.incoop.gov.py\/wp-content\/uploads\/2019\/04\/LEY-6497-REFORMA-DE-SEPRELAD-Y-CREA-SEC.-INTELIGENCIA-FINANCIERA.pdf\" target=\"_blank\" rel=\"noopener\">LEY 6497\/2019 REFORMA DE SEPRELAD Y CREA SEC. INTELIGENCIA FINANCIERA<\/a><\/li><\/ul>\t\t\t\t\t\t\t\t<\/div>\n\t\t\t\t<\/div>\n\t\t\t\t\t<\/div>\n\t\t<\/div>\n\t\t\t\t\t<\/div>\n\t\t<\/section>\n\t\t\t\t<section class=\"elementor-section elementor-top-section elementor-element elementor-element-b4554b0 elementor-section-boxed elementor-section-height-default elementor-section-height-default\" data-id=\"b4554b0\" data-element_type=\"section\">\n\t\t\t\t\t\t<div class=\"elementor-container elementor-column-gap-default\">\n\t\t\t\t\t<div class=\"elementor-column elementor-col-100 elementor-top-column elementor-element elementor-element-52a00f9\" data-id=\"52a00f9\" data-element_type=\"column\">\n\t\t\t<div class=\"elementor-widget-wrap elementor-element-populated\">\n\t\t\t\t\t\t<div class=\"elementor-element elementor-element-0479741 elementor-widget elementor-widget-heading\" data-id=\"0479741\" data-element_type=\"widget\" data-widget_type=\"heading.default\">\n\t\t\t\t<div class=\"elementor-widget-container\">\n\t\t\t\t\t<h2 class=\"elementor-heading-title elementor-size-default\">SEPRELAD<\/h2>\t\t\t\t<\/div>\n\t\t\t\t<\/div>\n\t\t\t\t<div class=\"elementor-element elementor-element-3b86ffe elementor-widget elementor-widget-text-editor\" data-id=\"3b86ffe\" data-element_type=\"widget\" data-widget_type=\"text-editor.default\">\n\t\t\t\t<div class=\"elementor-widget-container\">\n\t\t\t\t\t\t\t\t\t<ul><li><a href=\"https:\/\/www.incoop.gov.py\/wp-content\/uploads\/2019\/04\/RES.-SEPRELAD-454-2011-Politicas-y-Proced-de-Terrorismo-S.O.pdf\" target=\"_blank\" rel=\"noopener\">Resoluci\u00f3n SEPRELAD 454\/2011 Politicas y Procedimiento de Terrorismo S.O<\/a><\/li><li><a href=\"https:\/\/www.incoop.gov.py\/wp-content\/uploads\/2019\/04\/RES-SEPRELAD-292-13_-Mod-Plazo-Presentac.-Ros-.pdf\" target=\"_blank\" rel=\"noopener\">Resoluci\u00f3n SEPRELAD 292\/2013 Modificaci\u00f3n Plazo Presentaci\u00f3n M\u00f3dulo ROS\u00a0<\/a><\/li><li><a href=\"https:\/\/www.incoop.gov.py\/wp-content\/uploads\/2019\/04\/RES-SEPRELAD-411-13-Parametros-Inf-A.E..pdf\" target=\"_blank\" rel=\"noopener\">Resoluci\u00f3n SEPRELAD 411\/2013 Par\u00e1metros Inf A.E.<\/a><\/li><li><a href=\"https:\/\/www.incoop.gov.py\/wp-content\/uploads\/2019\/04\/RES-SEPRELAD-PEPS-N-50-19.pdf\" target=\"_blank\" rel=\"noopener\">Resoluci\u00f3n SEPRELAD 50\/2019 Personas Expuestas Pol\u00edticamente (PEP)<\/a><\/li><li><a href=\"https:\/\/www.incoop.gov.py\/wp-content\/uploads\/2020\/07\/Resolucion-SEPRELAD-N-156-2020-Reglamento-para-Entidades-Cooperativas.pdf\" target=\"_blank\" rel=\"noopener\">Resoluci\u00f3n SEPRELAD\u00a0156\/2020 Reglamento para Entidades Cooperativas<\/a><\/li><li><a href=\"https:\/\/www.incoop.gov.py\/wp-content\/uploads\/2019\/04\/Res.-202-2020-Inclusion-en-la-DDC-la-Constancia-de-Incripcion-Registro-BF.pdf\" target=\"_blank\" rel=\"noopener\">Resoluci\u00f3n SEPRELAD 202\/2020 Inclusi\u00f3n en la DDC la Constancia de Incripci\u00f3n Registro BF<\/a><\/li><li><a href=\"https:\/\/www.incoop.gov.py\/wp-content\/uploads\/2019\/04\/Res.-218-2020-Reglamento-para-AE.pdf\" target=\"_blank\" rel=\"noopener\">Resoluci\u00f3n SEPRELAD 218\/2020-Reglamento-para-Registro-Auditores-Externos<\/a><\/li><li><a href=\"https:\/\/www.incoop.gov.py\/wp-content\/uploads\/2019\/04\/Listado-de-AE-habilitados-en-SEPRELAD.pdf\" target=\"_blank\" rel=\"noopener\">Listado de AUDITORES EXTERNOS habilitados en SEPRELAD<\/a><\/li><\/ul>\t\t\t\t\t\t\t\t<\/div>\n\t\t\t\t<\/div>\n\t\t\t\t\t<\/div>\n\t\t<\/div>\n\t\t\t\t\t<\/div>\n\t\t<\/section>\n\t\t\t\t<section class=\"elementor-section elementor-top-section elementor-element elementor-element-2c03ff7 elementor-section-boxed elementor-section-height-default elementor-section-height-default\" data-id=\"2c03ff7\" data-element_type=\"section\">\n\t\t\t\t\t\t<div class=\"elementor-container elementor-column-gap-default\">\n\t\t\t\t\t<div class=\"elementor-column elementor-col-100 elementor-top-column elementor-element elementor-element-b194218\" data-id=\"b194218\" data-element_type=\"column\">\n\t\t\t<div class=\"elementor-widget-wrap elementor-element-populated\">\n\t\t\t\t\t\t<div class=\"elementor-element elementor-element-9b0510f elementor-widget elementor-widget-text-editor\" data-id=\"9b0510f\" data-element_type=\"widget\" data-widget_type=\"text-editor.default\">\n\t\t\t\t<div class=\"elementor-widget-container\">\n\t\t\t\t\t\t\t\t\t<ul><li style=\"text-align: left;\"><img decoding=\"async\" class=\"alignnone wp-image-13731\" src=\"https:\/\/www.incoop.gov.py\/wp-content\/uploads\/2026\/02\/pdf-icon.webp\" alt=\"\" width=\"26\" height=\"26\" srcset=\"https:\/\/www.incoop.gov.py\/wp-content\/uploads\/2026\/02\/pdf-icon.webp 512w, https:\/\/www.incoop.gov.py\/wp-content\/uploads\/2026\/02\/pdf-icon-300x300.webp 300w, https:\/\/www.incoop.gov.py\/wp-content\/uploads\/2026\/02\/pdf-icon-150x150.webp 150w\" sizes=\"(max-width: 26px) 100vw, 26px\" \/>\u00a0<a href=\"https:\/\/www.incoop.gov.py\/wp-content\/uploads\/2019\/04\/Guia-AUTOEVALUACI\u00d3N-SEPRELAD-ALA-CFT-2020.pdf\" target=\"_blank\" rel=\"noopener\">GUIA AUTOEVALUACI\u00d3N SEPRELAD ALA-CFT 2020<\/a><\/li><li style=\"text-align: left;\"><img decoding=\"async\" class=\"alignnone wp-image-13731\" src=\"https:\/\/www.incoop.gov.py\/wp-content\/uploads\/2026\/02\/pdf-icon.webp\" alt=\"\" width=\"26\" height=\"26\" srcset=\"https:\/\/www.incoop.gov.py\/wp-content\/uploads\/2026\/02\/pdf-icon.webp 512w, https:\/\/www.incoop.gov.py\/wp-content\/uploads\/2026\/02\/pdf-icon-300x300.webp 300w, https:\/\/www.incoop.gov.py\/wp-content\/uploads\/2026\/02\/pdf-icon-150x150.webp 150w\" sizes=\"(max-width: 26px) 100vw, 26px\" \/>\u00a0 <a href=\"https:\/\/www.seprelad.gov.py\/userfiles\/files\/biblioteca\/guia-de-riesgos-la-ft-personas-juridicas.pdf\" target=\"_blank\" rel=\"noopener\">GUIA DE CONCLUSIONES DEL ESTUDIO SECTORIAL DE RIESGOS DE LA\/FT DE PERSONAS JUR\u00cdDICAS<\/a><\/li><li style=\"text-align: left;\"><img decoding=\"async\" class=\"alignnone wp-image-13874\" src=\"https:\/\/www.incoop.gov.py\/wp-content\/uploads\/2024\/01\/word-icon.png\" alt=\"word icon\" width=\"25\" height=\"25\" srcset=\"https:\/\/www.incoop.gov.py\/wp-content\/uploads\/2024\/01\/word-icon.png 512w, https:\/\/www.incoop.gov.py\/wp-content\/uploads\/2024\/01\/word-icon-300x300.png 300w, https:\/\/www.incoop.gov.py\/wp-content\/uploads\/2024\/01\/word-icon-150x150.png 150w\" sizes=\"(max-width: 25px) 100vw, 25px\" \/>\u00a0 <a href=\"https:\/\/www.incoop.gov.py\/wp-content\/uploads\/2026\/04\/INSTRUCTIVO-MATRIZ-RES-INCOOP-154-26.docx\">INSTRUCTIVO MATRIZ DE RIESGO PLD Y FT SECTOR COOPERATIVO<\/a><\/li><li style=\"text-align: left;\"><img decoding=\"async\" class=\"alignnone size-full wp-image-13959\" src=\"https:\/\/www.incoop.gov.py\/wp-content\/uploads\/2026\/03\/excel-icon.png\" alt=\"excel icon\" width=\"25\" height=\"25\" \/> \u00a0<a href=\"https:\/\/www.incoop.gov.py\/wp-content\/uploads\/2026\/04\/NUEVA-PLANTILLA-RES.-INCOOP-154-26.xlsx\" target=\"_blank\" rel=\"noopener\">Matriz LA Cooperativas INCOOP 2026<\/a><\/li><\/ul>\t\t\t\t\t\t\t\t<\/div>\n\t\t\t\t<\/div>\n\t\t\t\t\t<\/div>\n\t\t<\/div>\n\t\t\t\t\t<\/div>\n\t\t<\/section>\n\t\t\t\t<\/div>\n\t\t","protected":false},"excerpt":{"rendered":"<p>Resoluci\u00f3n INCOOP 22703\/2020 Por la cual se internaliza la resoluci\u00f3n SEPRELAD N\u00b0 156\/2020&#8230; Resoluci\u00f3n INCOOP 154\/2026 Que modifica la Resoluci\u00f3n INCOOP N\u00b0 22957\/2020&#8230; DECRETOS Decreto 4561\/2010 Reglamento Ley 1015\/1997 Decreto 7949\/2017 Comite interinstitucional Decreto 507\/2018 PEEP Plan de Acci\u00f3n Decreto 9302\/2018 ENR Actualizacion Decreto 3241\/2020 Crea Registro de PJ y BF Decreto 3446\/2020 Amplia Plazo [&hellip;]<\/p>\n","protected":false},"author":1,"featured_media":0,"parent":0,"menu_order":0,"comment_status":"closed","ping_status":"closed","template":"elementor_header_footer","meta":{"footnotes":""},"class_list":["post-7944","page","type-page","status-publish","hentry"],"_links":{"self":[{"href":"https:\/\/www.incoop.gov.py\/index.php?rest_route=\/wp\/v2\/pages\/7944","targetHints":{"allow":["GET"]}}],"collection":[{"href":"https:\/\/www.incoop.gov.py\/index.php?rest_route=\/wp\/v2\/pages"}],"about":[{"href":"https:\/\/www.incoop.gov.py\/index.php?rest_route=\/wp\/v2\/types\/page"}],"author":[{"embeddable":true,"href":"https:\/\/www.incoop.gov.py\/index.php?rest_route=\/wp\/v2\/users\/1"}],"replies":[{"embeddable":true,"href":"https:\/\/www.incoop.gov.py\/index.php?rest_route=%2Fwp%2Fv2%2Fcomments&post=7944"}],"version-history":[{"count":14,"href":"https:\/\/www.incoop.gov.py\/index.php?rest_route=\/wp\/v2\/pages\/7944\/revisions"}],"predecessor-version":[{"id":14409,"href":"https:\/\/www.incoop.gov.py\/index.php?rest_route=\/wp\/v2\/pages\/7944\/revisions\/14409"}],"wp:attachment":[{"href":"https:\/\/www.incoop.gov.py\/index.php?rest_route=%2Fwp%2Fv2%2Fmedia&parent=7944"}],"curies":[{"name":"wp","href":"https:\/\/api.w.org\/{rel}","templated":true}]}}