{"id":7906,"date":"2019-03-22T11:13:53","date_gmt":"2019-03-22T15:13:53","guid":{"rendered":"http:\/\/www.incoop.gov.py\/v2\/?page_id=7906"},"modified":"2019-03-22T11:13:53","modified_gmt":"2019-03-22T15:13:53","slug":"contactos-transparencia-y-anticorrupcion","status":"publish","type":"page","link":"https:\/\/www.incoop.gov.py\/?page_id=7906","title":{"rendered":"Contactos Transparencia y Anticorrupci\u00f3n"},"content":{"rendered":"<p>En caso de que quiera realizar una denuncia o solicitar informaci\u00f3n, puede contactar a la Unidad de Transparencia y Anticorrupci\u00f3n del INCOOP al:<\/p>\n<p>Tel\u00e9fono:\u00a0 (021) 729-1800 Interno N\u00b0 2237<\/p>\n<p>Correo: transparenciayanticorrupcion@incoop.gov.py<\/p>\n","protected":false},"excerpt":{"rendered":"<p>En caso de que quiera realizar una denuncia o solicitar informaci\u00f3n, puede contactar a la Unidad de Transparencia y Anticorrupci\u00f3n del INCOOP al: Tel\u00e9fono:\u00a0 (021) 729-1800 Interno N\u00b0 2237 Correo: transparenciayanticorrupcion@incoop.gov.py<\/p>\n","protected":false},"author":1,"featured_media":0,"parent":5657,"menu_order":0,"comment_status":"open","ping_status":"closed","template":"","meta":{"footnotes":""},"class_list":["post-7906","page","type-page","status-publish","hentry"],"_links":{"self":[{"href":"https:\/\/www.incoop.gov.py\/index.php?rest_route=\/wp\/v2\/pages\/7906","targetHints":{"allow":["GET"]}}],"collection":[{"href":"https:\/\/www.incoop.gov.py\/index.php?rest_route=\/wp\/v2\/pages"}],"about":[{"href":"https:\/\/www.incoop.gov.py\/index.php?rest_route=\/wp\/v2\/types\/page"}],"author":[{"embeddable":true,"href":"https:\/\/www.incoop.gov.py\/index.php?rest_route=\/wp\/v2\/users\/1"}],"replies":[{"embeddable":true,"href":"https:\/\/www.incoop.gov.py\/index.php?rest_route=%2Fwp%2Fv2%2Fcomments&post=7906"}],"version-history":[{"count":0,"href":"https:\/\/www.incoop.gov.py\/index.php?rest_route=\/wp\/v2\/pages\/7906\/revisions"}],"up":[{"embeddable":true,"href":"https:\/\/www.incoop.gov.py\/index.php?rest_route=\/wp\/v2\/pages\/5657"}],"wp:attachment":[{"href":"https:\/\/www.incoop.gov.py\/index.php?rest_route=%2Fwp%2Fv2%2Fmedia&parent=7906"}],"curies":[{"name":"wp","href":"https:\/\/api.w.org\/{rel}","templated":true}]}}