{"id":6352,"date":"2017-05-22T13:01:46","date_gmt":"2017-05-22T17:01:46","guid":{"rendered":"http:\/\/www.incoop.gov.py\/v2\/?page_id=6352"},"modified":"2026-01-26T13:45:15","modified_gmt":"2026-01-26T16:45:15","slug":"consulta-publica-de-expedientes","status":"publish","type":"page","link":"https:\/\/www.incoop.gov.py\/?page_id=6352","title":{"rendered":"Consulta P\u00fablica de Expedientes"},"content":{"rendered":"<p style=\"text-align: center;\">CONSULTA P\u00daBLICA DE EXPEDIENTES<\/p>\n<p style=\"text-align: left;\">A trav\u00e9s de esta p\u00e1gina usted podr\u00e1 visualizar el recorrido que se encuentra realizando su expediente.<br \/>\nDe este modo tratamos de agilizar el proceso y control de gestiones. Los datos son adquiridos a trav\u00e9s del sistema SICOOP.<\/p>\n<hr \/>\n<form id=\"searchform\" action=\"https:\/\/www.incoop.gov.py\/\" method=\"get\">&nbsp;<\/p>\n<p><label for=\"s\">N\u00ba Expediente \/ Nombre:<\/label><br \/>\n<input id=\"s\" name=\"s\" type=\"text\" value=\"\" \/><br \/>\n<input id=\"searchsubmit\" type=\"submit\" value=\"Buscar\" \/><\/p>\n<\/form>\n<p>&nbsp;<\/p>\n<hr \/>\n<p>&nbsp;<\/p>\n","protected":false},"excerpt":{"rendered":"<p>CONSULTA P\u00daBLICA DE EXPEDIENTES A trav\u00e9s de esta p\u00e1gina usted podr\u00e1 visualizar el recorrido que se encuentra realizando su expediente. De este modo tratamos de agilizar el proceso y control de gestiones. Los datos son adquiridos a trav\u00e9s del sistema SICOOP. &nbsp; N\u00ba Expediente \/ Nombre: &nbsp; &nbsp;<\/p>\n","protected":false},"author":1,"featured_media":0,"parent":0,"menu_order":0,"comment_status":"closed","ping_status":"closed","template":"elementor_header_footer","meta":{"footnotes":""},"class_list":["post-6352","page","type-page","status-publish","hentry"],"_links":{"self":[{"href":"https:\/\/www.incoop.gov.py\/index.php?rest_route=\/wp\/v2\/pages\/6352","targetHints":{"allow":["GET"]}}],"collection":[{"href":"https:\/\/www.incoop.gov.py\/index.php?rest_route=\/wp\/v2\/pages"}],"about":[{"href":"https:\/\/www.incoop.gov.py\/index.php?rest_route=\/wp\/v2\/types\/page"}],"author":[{"embeddable":true,"href":"https:\/\/www.incoop.gov.py\/index.php?rest_route=\/wp\/v2\/users\/1"}],"replies":[{"embeddable":true,"href":"https:\/\/www.incoop.gov.py\/index.php?rest_route=%2Fwp%2Fv2%2Fcomments&post=6352"}],"version-history":[{"count":1,"href":"https:\/\/www.incoop.gov.py\/index.php?rest_route=\/wp\/v2\/pages\/6352\/revisions"}],"predecessor-version":[{"id":13491,"href":"https:\/\/www.incoop.gov.py\/index.php?rest_route=\/wp\/v2\/pages\/6352\/revisions\/13491"}],"wp:attachment":[{"href":"https:\/\/www.incoop.gov.py\/index.php?rest_route=%2Fwp%2Fv2%2Fmedia&parent=6352"}],"curies":[{"name":"wp","href":"https:\/\/api.w.org\/{rel}","templated":true}]}}