{"id":4948,"date":"2015-04-23T11:25:44","date_gmt":"2015-04-23T15:25:44","guid":{"rendered":"http:\/\/www.incoop.gov.py\/v2\/?page_id=4948"},"modified":"2026-03-16T11:37:45","modified_gmt":"2026-03-16T14:37:45","slug":"inclusion-financiera","status":"publish","type":"page","link":"https:\/\/www.incoop.gov.py\/?page_id=4948","title":{"rendered":"Inclusi\u00f3n Financiera"},"content":{"rendered":"\t\t<div data-elementor-type=\"wp-page\" data-elementor-id=\"4948\" class=\"elementor elementor-4948\">\n\t\t\t\t\t\t<section class=\"elementor-section elementor-top-section elementor-element elementor-element-2938cce elementor-section-boxed elementor-section-height-default elementor-section-height-default\" data-id=\"2938cce\" data-element_type=\"section\">\n\t\t\t\t\t\t<div class=\"elementor-container elementor-column-gap-default\">\n\t\t\t\t\t<div class=\"elementor-column elementor-col-100 elementor-top-column elementor-element elementor-element-cc00867\" data-id=\"cc00867\" data-element_type=\"column\">\n\t\t\t<div class=\"elementor-widget-wrap elementor-element-populated\">\n\t\t\t\t\t\t<div class=\"elementor-element elementor-element-cb044bd elementor-tabs-view-horizontal elementor-widget elementor-widget-tabs\" data-id=\"cb044bd\" data-element_type=\"widget\" data-widget_type=\"tabs.default\">\n\t\t\t\t<div class=\"elementor-widget-container\">\n\t\t\t\t\t\t\t<div class=\"elementor-tabs\">\n\t\t\t<div class=\"elementor-tabs-wrapper\" role=\"tablist\" >\n\t\t\t\t\t\t\t\t\t<div id=\"elementor-tab-title-2121\" class=\"elementor-tab-title elementor-tab-desktop-title\" aria-selected=\"true\" data-tab=\"1\" role=\"tab\" tabindex=\"0\" aria-controls=\"elementor-tab-content-2121\" aria-expanded=\"false\">QUE ES LA ENIF ?<\/div>\n\t\t\t\t\t\t\t\t\t<div id=\"elementor-tab-title-2122\" class=\"elementor-tab-title elementor-tab-desktop-title\" aria-selected=\"false\" data-tab=\"2\" role=\"tab\" tabindex=\"-1\" aria-controls=\"elementor-tab-content-2122\" aria-expanded=\"false\">INCLUSI\u00d3N FINANCIERA<\/div>\n\t\t\t\t\t\t\t\t\t<div id=\"elementor-tab-title-2123\" class=\"elementor-tab-title elementor-tab-desktop-title\" aria-selected=\"false\" data-tab=\"3\" role=\"tab\" tabindex=\"-1\" aria-controls=\"elementor-tab-content-2123\" aria-expanded=\"false\">VISI\u00d3N Y OBJETIVOS<\/div>\n\t\t\t\t\t\t\t\t\t<div id=\"elementor-tab-title-2124\" class=\"elementor-tab-title elementor-tab-desktop-title\" aria-selected=\"false\" data-tab=\"4\" role=\"tab\" tabindex=\"-1\" aria-controls=\"elementor-tab-content-2124\" aria-expanded=\"false\">ESTRUCTURA<\/div>\n\t\t\t\t\t\t\t<\/div>\n\t\t\t<div class=\"elementor-tabs-content-wrapper\" role=\"tablist\" aria-orientation=\"vertical\">\n\t\t\t\t\t\t\t\t\t<div class=\"elementor-tab-title elementor-tab-mobile-title\" aria-selected=\"true\" data-tab=\"1\" role=\"tab\" tabindex=\"0\" aria-controls=\"elementor-tab-content-2121\" aria-expanded=\"false\">QUE ES LA ENIF ?<\/div>\n\t\t\t\t\t<div id=\"elementor-tab-content-2121\" class=\"elementor-tab-content elementor-clearfix\" data-tab=\"1\" role=\"tabpanel\" aria-labelledby=\"elementor-tab-title-2121\" tabindex=\"0\" hidden=\"false\"><p>La Estrategia Nacional de Inclusi\u00f3n Financiera (ENIF) es una pol\u00edtica p\u00fablica que busca la inclusi\u00f3n financiera en Paraguay.<\/p><p>A trav\u00e9s del Decreto 1971\/14 se crea el Comit\u00e9 Nacional de Inclusi\u00f3n Financiera como responsable del ENIF. Este Comit\u00e9 se encuentra configurado por representantes del Banco Central del Paraguay (BCP), el Ministerio de Hacienda (MH), el Instituto Nacional de Cooperativismo (INCOOP) y la Secretar\u00eda T\u00e9cnica de Planificaci\u00f3n (STP).<\/p><\/div>\n\t\t\t\t\t\t\t\t\t<div class=\"elementor-tab-title elementor-tab-mobile-title\" aria-selected=\"false\" data-tab=\"2\" role=\"tab\" tabindex=\"-1\" aria-controls=\"elementor-tab-content-2122\" aria-expanded=\"false\">INCLUSI\u00d3N FINANCIERA<\/div>\n\t\t\t\t\t<div id=\"elementor-tab-content-2122\" class=\"elementor-tab-content elementor-clearfix\" data-tab=\"2\" role=\"tabpanel\" aria-labelledby=\"elementor-tab-title-2122\" tabindex=\"0\" hidden=\"hidden\"><p style=\"text-align: justify;\">El documento realiza un an\u00e1lisis sobre la situaci\u00f3n real de la inclusi\u00f3n financiera en el pa\u00eds tomando los resultados de la Encuesta de Inclusi\u00f3n Financiera (EIF) realizada en el a\u00f1o 2013, identifica unos objetivos reales y establece un plan de actuaci\u00f3n coordinado entre el sector p\u00fablico, el privado y la sociedad civil, para alcanzar los objetivos de reducci\u00f3n de la pobreza e impulso del crecimiento econ\u00f3mico en Paraguay.<\/p><p style=\"text-align: justify;\"><strong>El Informe establece cuatro objetivos con el horizonte en 2018:<\/strong><\/p><ul><li style=\"text-align: justify;\">Reducir las vulnerabilidades financieras de las familias en la base de la pir\u00e1mide.<\/li><li style=\"text-align: justify;\">Promover el mayor alcance de los servicios financieros en un mercado competitivo y seguro.<\/li><li style=\"text-align: justify;\">Ayudar al desarrollo econ\u00f3mico y el crecimiento a trav\u00e9s del acceso de las MIPYMES y grandes empresas a los productos financieros.<\/li><li style=\"text-align: justify;\">Promover la inclusi\u00f3n financiera, manteniendo un equilibrio con la estabilidad del sector financiero, la integridad y la educaci\u00f3n\/protecci\u00f3n de los consumidores.<\/li><\/ul><p>El Estudio identifica cinco grupos poblacionales (pobres extremos; pobres no extremos; ingresos medios; ingresos medio-altos e ingresos altos) y tambi\u00e9n estudia el perfil demogr\u00e1fico, financiero y las necesidades de servicios financieros de cada uno de los referidos grupos.<\/p><\/div>\n\t\t\t\t\t\t\t\t\t<div class=\"elementor-tab-title elementor-tab-mobile-title\" aria-selected=\"false\" data-tab=\"3\" role=\"tab\" tabindex=\"-1\" aria-controls=\"elementor-tab-content-2123\" aria-expanded=\"false\">VISI\u00d3N Y OBJETIVOS<\/div>\n\t\t\t\t\t<div id=\"elementor-tab-content-2123\" class=\"elementor-tab-content elementor-clearfix\" data-tab=\"3\" role=\"tabpanel\" aria-labelledby=\"elementor-tab-title-2123\" tabindex=\"0\" hidden=\"hidden\"><ul><li style=\"text-align: justify;\">Atender a las necesidades financieras de cada uno de los sectores poblacionales y cumplir con los cuatro objetivos principales, el plan estrat\u00e9gico establece siete Grupos de Trabajo (de Ahorros, de Cr\u00e9ditos, de Seguros, de Pagos, de Educaci\u00f3n Financiera, de Protecci\u00f3n al Consumidor y de Poblaciones Vulnerables).<\/li><li style=\"text-align: justify;\">La Estrategia Nacional de Inclusi\u00f3n Financiera (ENIF) de Paraguay busca aumentar el acceso, uso y calidad de productos financieros para mejorar el bienestar poblacional, especialmente de sectores vulnerables, mediante cuatro ejes clave: educaci\u00f3n, protecci\u00f3n al usuario, fomento a MIPYMES y comunicaci\u00f3n, aline\u00e1ndose con metas de inclusi\u00f3n financiera universal<\/li><li style=\"text-align: justify;\">Bienestar y Desarrollo: Fomentar un sistema financiero inclusivo que contribuya al bienestar financiero de la poblaci\u00f3n y el desarrollo nacional.<\/li><li style=\"text-align: justify;\">Sostenibilidad y Acceso: Lograr una inclusi\u00f3n financiera integral, sostenible y con enfoque en la equidad para el 2030<\/li><\/ul><\/div>\n\t\t\t\t\t\t\t\t\t<div class=\"elementor-tab-title elementor-tab-mobile-title\" aria-selected=\"false\" data-tab=\"4\" role=\"tab\" tabindex=\"-1\" aria-controls=\"elementor-tab-content-2124\" aria-expanded=\"false\">ESTRUCTURA<\/div>\n\t\t\t\t\t<div id=\"elementor-tab-content-2124\" class=\"elementor-tab-content elementor-clearfix\" data-tab=\"4\" role=\"tabpanel\" aria-labelledby=\"elementor-tab-title-2124\" tabindex=\"0\" hidden=\"hidden\"><p><img fetchpriority=\"high\" decoding=\"async\" class=\"alignnone size-large wp-image-14147\" src=\"https:\/\/www.incoop.gov.py\/wp-content\/uploads\/2026\/03\/estructura-enif-paraguay-1024x635.webp\" alt=\"estructura enif paraguay\" width=\"800\" height=\"496\" srcset=\"https:\/\/www.incoop.gov.py\/wp-content\/uploads\/2026\/03\/estructura-enif-paraguay-1024x635.webp 1024w, https:\/\/www.incoop.gov.py\/wp-content\/uploads\/2026\/03\/estructura-enif-paraguay-300x186.webp 300w, https:\/\/www.incoop.gov.py\/wp-content\/uploads\/2026\/03\/estructura-enif-paraguay-768x476.webp 768w, https:\/\/www.incoop.gov.py\/wp-content\/uploads\/2026\/03\/estructura-enif-paraguay.webp 1080w\" sizes=\"(max-width: 800px) 100vw, 800px\" \/><\/p><\/div>\n\t\t\t\t\t\t\t<\/div>\n\t\t<\/div>\n\t\t\t\t\t\t<\/div>\n\t\t\t\t<\/div>\n\t\t\t\t\t<\/div>\n\t\t<\/div>\n\t\t\t\t\t<\/div>\n\t\t<\/section>\n\t\t\t\t<section class=\"elementor-section elementor-top-section elementor-element elementor-element-fb77d16 elementor-section-boxed elementor-section-height-default elementor-section-height-default\" data-id=\"fb77d16\" data-element_type=\"section\">\n\t\t\t\t\t\t<div class=\"elementor-container elementor-column-gap-default\">\n\t\t\t\t\t<div class=\"elementor-column elementor-col-50 elementor-top-column elementor-element elementor-element-36a222d\" data-id=\"36a222d\" data-element_type=\"column\">\n\t\t\t<div class=\"elementor-widget-wrap elementor-element-populated\">\n\t\t\t\t\t\t<div class=\"elementor-element elementor-element-fd5df41 elementor-widget elementor-widget-image\" data-id=\"fd5df41\" data-element_type=\"widget\" data-widget_type=\"image.default\">\n\t\t\t\t<div class=\"elementor-widget-container\">\n\t\t\t\t\t\t\t\t\t\t\t\t\t\t\t<img decoding=\"async\" width=\"300\" height=\"300\" src=\"https:\/\/www.incoop.gov.py\/wp-content\/uploads\/2026\/03\/enif-logo.jpg-300x300.webp\" class=\"attachment-medium size-medium wp-image-14148\" alt=\"\" srcset=\"https:\/\/www.incoop.gov.py\/wp-content\/uploads\/2026\/03\/enif-logo.jpg-300x300.webp 300w, https:\/\/www.incoop.gov.py\/wp-content\/uploads\/2026\/03\/enif-logo.jpg-150x150.webp 150w, https:\/\/www.incoop.gov.py\/wp-content\/uploads\/2026\/03\/enif-logo.jpg.webp 388w\" sizes=\"(max-width: 300px) 100vw, 300px\" \/>\t\t\t\t\t\t\t\t\t\t\t\t\t\t\t<\/div>\n\t\t\t\t<\/div>\n\t\t\t\t\t<\/div>\n\t\t<\/div>\n\t\t\t\t<div class=\"elementor-column elementor-col-50 elementor-top-column elementor-element elementor-element-063f163\" data-id=\"063f163\" data-element_type=\"column\">\n\t\t\t<div class=\"elementor-widget-wrap elementor-element-populated\">\n\t\t\t\t\t\t<div class=\"elementor-element elementor-element-bcdac76 elementor-widget elementor-widget-text-editor\" data-id=\"bcdac76\" data-element_type=\"widget\" data-widget_type=\"text-editor.default\">\n\t\t\t\t<div class=\"elementor-widget-container\">\n\t\t\t\t\t\t\t\t\t<p><img decoding=\"async\" class=\"alignnone size-full wp-image-13959\" src=\"https:\/\/www.incoop.gov.py\/wp-content\/uploads\/2026\/03\/excel-icon.png\" alt=\"excel icon\" width=\"25\" height=\"25\" \/>\u00a0<a href=\"https:\/\/www.incoop.gov.py\/wp-content\/uploads\/2016\/03\/Copia_de_Coordinadores_ENIF_Equipo_Tecnico2.xlsx\" target=\"_blank\" rel=\"noopener\">Coordinadores ENIF Equipo T\u00e9cnico<\/a><br \/><img loading=\"lazy\" decoding=\"async\" class=\"\" src=\"https:\/\/www.incoop.gov.py\/wp-content\/uploads\/2026\/02\/pdf-icon.webp\" width=\"26\" height=\"26\" \/>\u00a0 <a href=\"https:\/\/www.incoop.gov.py\/wp-content\/uploads\/2016\/03\/FINAL-SPANISH-Paraguay-FI-Demand-TN-1.pdf\" target=\"_blank\" rel=\"noopener\">FINAL SPANISH Paraguay FI Demand TN (1)<\/a><\/p><p><img loading=\"lazy\" decoding=\"async\" class=\"\" src=\"https:\/\/www.incoop.gov.py\/wp-content\/uploads\/2026\/02\/pdf-icon.webp\" width=\"26\" height=\"26\" \/>\u00a0 <a href=\"https:\/\/www.incoop.gov.py\/wp-content\/uploads\/2016\/03\/FINAL-SPANISH-Paraguay-FI-Demand-TN.pdf\" target=\"_blank\" rel=\"noopener\">FINAL SPANISH Paraguay FI Demand TN<\/a><\/p><p><img loading=\"lazy\" decoding=\"async\" class=\"\" src=\"https:\/\/www.incoop.gov.py\/wp-content\/uploads\/2026\/02\/pdf-icon.webp\" width=\"26\" height=\"26\" \/>\u00a0 <a href=\"https:\/\/www.incoop.gov.py\/wp-content\/uploads\/2016\/03\/FINAL-SPANISH-Paraguay-FI-Supply-TN.pdf\" target=\"_blank\" rel=\"noopener\">FINAL SPANISH Paraguay FI Supply TN<\/a><\/p><p><img loading=\"lazy\" decoding=\"async\" class=\"\" src=\"https:\/\/www.incoop.gov.py\/wp-content\/uploads\/2026\/02\/pdf-icon.webp\" width=\"26\" height=\"26\" \/>\u00a0 <a href=\"https:\/\/www.incoop.gov.py\/wp-content\/uploads\/2016\/03\/Nota-Legal-Final-Espa%C3%B1ol.pdf\" target=\"_blank\" rel=\"noopener\">Nota Legal Final Espa\u00f1ol<\/a><\/p><p><img loading=\"lazy\" decoding=\"async\" class=\"\" src=\"https:\/\/www.incoop.gov.py\/wp-content\/uploads\/2026\/02\/pdf-icon.webp\" width=\"26\" height=\"26\" \/>\u00a0 <a href=\"https:\/\/www.incoop.gov.py\/wp-content\/uploads\/2016\/03\/Paraguay-CPFL-Diagnostic-Volume-II-SPANISH.pdf\" target=\"_blank\" rel=\"noopener\">Paraguay CPFL Diagnostic \u2013 Volume II \u2013 SPANISH<\/a><\/p>\t\t\t\t\t\t\t\t<\/div>\n\t\t\t\t<\/div>\n\t\t\t\t\t<\/div>\n\t\t<\/div>\n\t\t\t\t\t<\/div>\n\t\t<\/section>\n\t\t\t\t<\/div>\n\t\t","protected":false},"excerpt":{"rendered":"<p>QUE ES LA ENIF ? INCLUSI\u00d3N FINANCIERA VISI\u00d3N Y OBJETIVOS ESTRUCTURA QUE ES LA ENIF ? La Estrategia Nacional de Inclusi\u00f3n Financiera (ENIF) es una pol\u00edtica p\u00fablica que busca la inclusi\u00f3n financiera en Paraguay. A trav\u00e9s del Decreto 1971\/14 se crea el Comit\u00e9 Nacional de Inclusi\u00f3n Financiera como responsable del ENIF. Este Comit\u00e9 se encuentra [&hellip;]<\/p>\n","protected":false},"author":1,"featured_media":0,"parent":4845,"menu_order":0,"comment_status":"closed","ping_status":"closed","template":"elementor_header_footer","meta":{"footnotes":""},"class_list":["post-4948","page","type-page","status-publish","hentry"],"_links":{"self":[{"href":"https:\/\/www.incoop.gov.py\/index.php?rest_route=\/wp\/v2\/pages\/4948","targetHints":{"allow":["GET"]}}],"collection":[{"href":"https:\/\/www.incoop.gov.py\/index.php?rest_route=\/wp\/v2\/pages"}],"about":[{"href":"https:\/\/www.incoop.gov.py\/index.php?rest_route=\/wp\/v2\/types\/page"}],"author":[{"embeddable":true,"href":"https:\/\/www.incoop.gov.py\/index.php?rest_route=\/wp\/v2\/users\/1"}],"replies":[{"embeddable":true,"href":"https:\/\/www.incoop.gov.py\/index.php?rest_route=%2Fwp%2Fv2%2Fcomments&post=4948"}],"version-history":[{"count":4,"href":"https:\/\/www.incoop.gov.py\/index.php?rest_route=\/wp\/v2\/pages\/4948\/revisions"}],"predecessor-version":[{"id":14151,"href":"https:\/\/www.incoop.gov.py\/index.php?rest_route=\/wp\/v2\/pages\/4948\/revisions\/14151"}],"up":[{"embeddable":true,"href":"https:\/\/www.incoop.gov.py\/index.php?rest_route=\/wp\/v2\/pages\/4845"}],"wp:attachment":[{"href":"https:\/\/www.incoop.gov.py\/index.php?rest_route=%2Fwp%2Fv2%2Fmedia&parent=4948"}],"curies":[{"name":"wp","href":"https:\/\/api.w.org\/{rel}","templated":true}]}}