{"id":4918,"date":"2015-04-09T12:57:03","date_gmt":"2015-04-09T16:57:03","guid":{"rendered":"http:\/\/www.incoop.gov.py\/v2\/?page_id=4918"},"modified":"2026-03-16T12:51:19","modified_gmt":"2026-03-16T15:51:19","slug":"herramientas","status":"publish","type":"page","link":"https:\/\/www.incoop.gov.py\/?page_id=4918","title":{"rendered":"Alerta Temprana"},"content":{"rendered":"\t\t<div data-elementor-type=\"wp-page\" data-elementor-id=\"4918\" class=\"elementor elementor-4918\">\n\t\t\t\t\t\t<section class=\"elementor-section elementor-top-section elementor-element elementor-element-d8c98c9 elementor-section-boxed elementor-section-height-default elementor-section-height-default\" data-id=\"d8c98c9\" data-element_type=\"section\">\n\t\t\t\t\t\t<div class=\"elementor-container elementor-column-gap-default\">\n\t\t\t\t\t<div class=\"elementor-column elementor-col-50 elementor-top-column elementor-element elementor-element-95c31c0\" data-id=\"95c31c0\" data-element_type=\"column\">\n\t\t\t<div class=\"elementor-widget-wrap elementor-element-populated\">\n\t\t\t\t\t\t<div class=\"elementor-element elementor-element-b40590b elementor-widget elementor-widget-html\" data-id=\"b40590b\" data-element_type=\"widget\" data-widget_type=\"html.default\">\n\t\t\t\t<div class=\"elementor-widget-container\">\n\t\t\t\t\t<div style=\"border-left: 8px solid #FF0000; height: 100px; margin: 20px;\"><\/div>\t\t\t\t<\/div>\n\t\t\t\t<\/div>\n\t\t\t\t\t<\/div>\n\t\t<\/div>\n\t\t\t\t<div class=\"elementor-column elementor-col-50 elementor-top-column elementor-element elementor-element-8673da4\" data-id=\"8673da4\" data-element_type=\"column\">\n\t\t\t<div class=\"elementor-widget-wrap elementor-element-populated\">\n\t\t\t\t\t\t<div class=\"elementor-element elementor-element-56f93c4 elementor-widget elementor-widget-text-editor\" data-id=\"56f93c4\" data-element_type=\"widget\" data-widget_type=\"text-editor.default\">\n\t\t\t\t<div class=\"elementor-widget-container\">\n\t\t\t\t\t\t\t\t\t<p><strong>Alerta Temprana<\/strong>\u00a0es un instrumento inform\u00e1tico estrat\u00e9gico para la evaluaci\u00f3n financiera, econ\u00f3mica y de gesti\u00f3n de las Cooperativas, el an\u00e1lisis de sus fortalezas y debilidades, as\u00ed como para la prevenci\u00f3n, la detecci\u00f3n y el control de riesgos y desviaciones.<\/p>\t\t\t\t\t\t\t\t<\/div>\n\t\t\t\t<\/div>\n\t\t\t\t\t<\/div>\n\t\t<\/div>\n\t\t\t\t\t<\/div>\n\t\t<\/section>\n\t\t\t\t<section class=\"elementor-section elementor-top-section elementor-element elementor-element-5ed4a44 elementor-section-boxed elementor-section-height-default elementor-section-height-default\" data-id=\"5ed4a44\" data-element_type=\"section\">\n\t\t\t\t\t\t<div class=\"elementor-container elementor-column-gap-default\">\n\t\t\t\t\t<div class=\"elementor-column elementor-col-100 elementor-top-column elementor-element elementor-element-cf2496e\" data-id=\"cf2496e\" data-element_type=\"column\">\n\t\t\t<div class=\"elementor-widget-wrap elementor-element-populated\">\n\t\t\t\t\t\t<div class=\"elementor-element elementor-element-27e9901 elementor-widget elementor-widget-text-editor\" data-id=\"27e9901\" data-element_type=\"widget\" data-widget_type=\"text-editor.default\">\n\t\t\t\t<div class=\"elementor-widget-container\">\n\t\t\t\t\t\t\t\t\t<h2><img decoding=\"async\" class=\"wp-image-13731 alignleft\" src=\"https:\/\/www.incoop.gov.py\/wp-content\/uploads\/2026\/02\/pdf-icon.webp\" alt=\"\" width=\"32\" height=\"32\" srcset=\"https:\/\/www.incoop.gov.py\/wp-content\/uploads\/2026\/02\/pdf-icon.webp 512w, https:\/\/www.incoop.gov.py\/wp-content\/uploads\/2026\/02\/pdf-icon-300x300.webp 300w, https:\/\/www.incoop.gov.py\/wp-content\/uploads\/2026\/02\/pdf-icon-150x150.webp 150w\" sizes=\"(max-width: 32px) 100vw, 32px\" \/> <a href=\"https:\/\/www.incoop.gov.py\/wp-content\/uploads\/2024\/12\/AT-5.0-Nueva-Version-Paraguay-2024-Dic05.pdf\" target=\"_blank\" rel=\"noopener\">Presentaci\u00f3n Alerta Temprana Versi\u00f3n 5.0<\/a><\/h2>\n5 de diciembre de 2024\t\t\t\t\t\t\t\t<\/div>\n\t\t\t\t<\/div>\n\t\t\t\t\t<\/div>\n\t\t<\/div>\n\t\t\t\t\t<\/div>\n\t\t<\/section>\n\t\t\t\t<section class=\"elementor-section elementor-top-section elementor-element elementor-element-6e143c2 elementor-section-boxed elementor-section-height-default elementor-section-height-default\" data-id=\"6e143c2\" data-element_type=\"section\">\n\t\t\t\t\t\t<div class=\"elementor-container elementor-column-gap-default\">\n\t\t\t\t\t<div class=\"elementor-column elementor-col-100 elementor-top-column elementor-element elementor-element-90bd376\" data-id=\"90bd376\" data-element_type=\"column\">\n\t\t\t<div class=\"elementor-widget-wrap elementor-element-populated\">\n\t\t\t\t\t\t<div class=\"elementor-element elementor-element-1b3de00 elementor-widget elementor-widget-heading\" data-id=\"1b3de00\" data-element_type=\"widget\" data-widget_type=\"heading.default\">\n\t\t\t\t<div class=\"elementor-widget-container\">\n\t\t\t\t\t<h2 class=\"elementor-heading-title elementor-size-default\">Alerta Temprana<\/h2>\t\t\t\t<\/div>\n\t\t\t\t<\/div>\n\t\t\t\t<div class=\"elementor-element elementor-element-06c574c elementor-widget elementor-widget-text-editor\" data-id=\"06c574c\" data-element_type=\"widget\" data-widget_type=\"text-editor.default\">\n\t\t\t\t<div class=\"elementor-widget-container\">\n\t\t\t\t\t\t\t\t\t<p>Sistema para\u00a0uso exclusivo de las Cooperativas.<\/p><ol><li>\u00a0<i class=\"fas fa-file-pdf\" style=\"font-size: 25px; color: red;\"><\/i> \u00a0<a href=\"https:\/\/www.incoop.gov.py\/wp-content\/uploads\/2025\/01\/Proforma-Instructivo-para-la-Carga-de-Alerta-Temprana-Version-5.pdf\" target=\"_blank\" rel=\"noopener\">Instructivo para ingreso y carga de datos en el sistema Alerta Temprana\u00a0<\/a><\/li><li>\u00a0<a href=\"https:\/\/www.incoop.gov.py\/wp-content\/uploads\/2015\/04\/Preguntas-frecuentes-sobre-presentaci%C3%B3n-de-informes-a-trav%C3%A9s-de-Alerta-Temprana.pdf\" target=\"_blank\" rel=\"noopener\"><i class=\"fas fa-file-pdf\" style=\"font-size: 25px; color: red;\"><\/i>\u00a0 Preguntas frecuentes<\/a><\/li><\/ol><p><strong>Link Alerta Temprana Versi\u00f3n 5.0:<\/strong><\/p><p><img decoding=\"async\" class=\"alignnone  wp-image-14155\" src=\"https:\/\/www.incoop.gov.py\/wp-content\/uploads\/2026\/03\/link-icon.png\" alt=\"link\" width=\"19\" height=\"20\" \/><a href=\"http:\/\/alerta.incoop.gov.py\/\" target=\"_blank\" rel=\"noopener\">http:\/\/alerta.incoop.gov.py<\/a><\/p>\t\t\t\t\t\t\t\t<\/div>\n\t\t\t\t<\/div>\n\t\t\t\t\t<\/div>\n\t\t<\/div>\n\t\t\t\t\t<\/div>\n\t\t<\/section>\n\t\t\t\t<\/div>\n\t\t","protected":false},"excerpt":{"rendered":"<p>Alerta Temprana\u00a0es un instrumento inform\u00e1tico estrat\u00e9gico para la evaluaci\u00f3n financiera, econ\u00f3mica y de gesti\u00f3n de las Cooperativas, el an\u00e1lisis de sus fortalezas y debilidades, as\u00ed como para la prevenci\u00f3n, la detecci\u00f3n y el control de riesgos y desviaciones. Presentaci\u00f3n Alerta Temprana Versi\u00f3n 5.0 5 de diciembre de 2024 Alerta Temprana Sistema para\u00a0uso exclusivo de las [&hellip;]<\/p>\n","protected":false},"author":1,"featured_media":0,"parent":110,"menu_order":4,"comment_status":"closed","ping_status":"closed","template":"elementor_header_footer","meta":{"footnotes":""},"class_list":["post-4918","page","type-page","status-publish","hentry"],"_links":{"self":[{"href":"https:\/\/www.incoop.gov.py\/index.php?rest_route=\/wp\/v2\/pages\/4918","targetHints":{"allow":["GET"]}}],"collection":[{"href":"https:\/\/www.incoop.gov.py\/index.php?rest_route=\/wp\/v2\/pages"}],"about":[{"href":"https:\/\/www.incoop.gov.py\/index.php?rest_route=\/wp\/v2\/types\/page"}],"author":[{"embeddable":true,"href":"https:\/\/www.incoop.gov.py\/index.php?rest_route=\/wp\/v2\/users\/1"}],"replies":[{"embeddable":true,"href":"https:\/\/www.incoop.gov.py\/index.php?rest_route=%2Fwp%2Fv2%2Fcomments&post=4918"}],"version-history":[{"count":10,"href":"https:\/\/www.incoop.gov.py\/index.php?rest_route=\/wp\/v2\/pages\/4918\/revisions"}],"predecessor-version":[{"id":14186,"href":"https:\/\/www.incoop.gov.py\/index.php?rest_route=\/wp\/v2\/pages\/4918\/revisions\/14186"}],"up":[{"embeddable":true,"href":"https:\/\/www.incoop.gov.py\/index.php?rest_route=\/wp\/v2\/pages\/110"}],"wp:attachment":[{"href":"https:\/\/www.incoop.gov.py\/index.php?rest_route=%2Fwp%2Fv2%2Fmedia&parent=4918"}],"curies":[{"name":"wp","href":"https:\/\/api.w.org\/{rel}","templated":true}]}}