{"id":4774,"date":"2015-02-19T13:10:19","date_gmt":"2015-02-19T17:10:19","guid":{"rendered":"http:\/\/www.incoop.gov.py\/v2\/?page_id=4774"},"modified":"2026-02-20T10:29:25","modified_gmt":"2026-02-20T13:29:25","slug":"autoridades","status":"publish","type":"page","link":"https:\/\/www.incoop.gov.py\/?page_id=4774","title":{"rendered":"Autoridades"},"content":{"rendered":"\t\t<div data-elementor-type=\"wp-page\" data-elementor-id=\"4774\" class=\"elementor elementor-4774\">\n\t\t\t\t\t\t<section class=\"elementor-section elementor-top-section elementor-element elementor-element-04b7ae1 elementor-section-boxed elementor-section-height-default elementor-section-height-default\" data-id=\"04b7ae1\" data-element_type=\"section\">\n\t\t\t\t\t\t<div class=\"elementor-container elementor-column-gap-default\">\n\t\t\t\t\t<div class=\"elementor-column elementor-col-100 elementor-top-column elementor-element elementor-element-09719df\" data-id=\"09719df\" data-element_type=\"column\">\n\t\t\t<div class=\"elementor-widget-wrap elementor-element-populated\">\n\t\t\t\t\t\t<div class=\"elementor-element elementor-element-16ad21c elementor-widget elementor-widget-heading\" data-id=\"16ad21c\" data-element_type=\"widget\" data-widget_type=\"heading.default\">\n\t\t\t\t<div class=\"elementor-widget-container\">\n\t\t\t\t\t<h2 class=\"elementor-heading-title elementor-size-default\">PRESIDENTE<\/h2>\t\t\t\t<\/div>\n\t\t\t\t<\/div>\n\t\t\t\t<div class=\"elementor-element elementor-element-28e5453 elementor-widget elementor-widget-image\" data-id=\"28e5453\" data-element_type=\"widget\" data-widget_type=\"image.default\">\n\t\t\t\t<div class=\"elementor-widget-container\">\n\t\t\t\t\t\t\t\t\t\t\t\t\t\t\t<img decoding=\"async\" src=\"https:\/\/www.incoop.gov.py\/wp-content\/uploads\/elementor\/thumbs\/presidente-incoop-ri8d5sf9h1xfz6sg7esv2m0k08gxz5ig0z9upvgs5w.jpg\" title=\"\" alt=\"presidente-incoop\" loading=\"lazy\" \/>\t\t\t\t\t\t\t\t\t\t\t\t\t\t\t<\/div>\n\t\t\t\t<\/div>\n\t\t\t\t<div class=\"elementor-element elementor-element-112b2ca elementor-widget elementor-widget-text-editor\" data-id=\"112b2ca\" data-element_type=\"widget\" data-widget_type=\"text-editor.default\">\n\t\t\t\t<div class=\"elementor-widget-container\">\n\t\t\t\t\t\t\t\t\t<h3 style=\"text-align: center;\"><span style=\"color: #000000;\">Ing. Agr. Carlos Romero Roa<\/span><\/h3><p style=\"text-align: center;\">Presidente Interino del Instituto Nacional de Cooperativismo, nombrado por Decreto de la Presidencia de la Rep\u00fablica.<\/p><p style=\"text-align: center;\"><img decoding=\"async\" class=\"\" src=\"https:\/\/uxwing.com\/wp-content\/themes\/uxwing\/download\/file-and-folder-type\/pdf-icon.png\" alt=\"PDF Icon\" width=\"28\" height=\"28\" \/>\u00a0 <a href=\"https:\/\/www.incoop.gov.py\/wp-content\/uploads\/2026\/02\/DECRETO1412-presidente-interino-marzo-2024.pdf\" target=\"_blank\" rel=\"noopener\">DECRETO N\u00b0 1412<\/a><\/p>\t\t\t\t\t\t\t\t<\/div>\n\t\t\t\t<\/div>\n\t\t\t\t\t<\/div>\n\t\t<\/div>\n\t\t\t\t\t<\/div>\n\t\t<\/section>\n\t\t\t\t<section class=\"elementor-section elementor-top-section elementor-element elementor-element-f3e5c7f elementor-section-boxed elementor-section-height-default elementor-section-height-default\" data-id=\"f3e5c7f\" data-element_type=\"section\">\n\t\t\t\t\t\t<div class=\"elementor-container elementor-column-gap-default\">\n\t\t\t\t\t<div class=\"elementor-column elementor-col-100 elementor-top-column elementor-element elementor-element-927209d\" data-id=\"927209d\" data-element_type=\"column\">\n\t\t\t<div class=\"elementor-widget-wrap elementor-element-populated\">\n\t\t\t\t\t\t<div class=\"elementor-element elementor-element-99424d2 elementor-widget-divider--view-line elementor-widget elementor-widget-divider\" data-id=\"99424d2\" data-element_type=\"widget\" data-widget_type=\"divider.default\">\n\t\t\t\t<div class=\"elementor-widget-container\">\n\t\t\t\t\t\t\t<div class=\"elementor-divider\">\n\t\t\t<span class=\"elementor-divider-separator\">\n\t\t\t\t\t\t<\/span>\n\t\t<\/div>\n\t\t\t\t\t\t<\/div>\n\t\t\t\t<\/div>\n\t\t\t\t<div class=\"elementor-element elementor-element-ef097a3 elementor-widget elementor-widget-heading\" data-id=\"ef097a3\" data-element_type=\"widget\" data-widget_type=\"heading.default\">\n\t\t\t\t<div class=\"elementor-widget-container\">\n\t\t\t\t\t<h2 class=\"elementor-heading-title elementor-size-default\">CONSEJO DIRECTIVO<\/h2>\t\t\t\t<\/div>\n\t\t\t\t<\/div>\n\t\t\t\t<div class=\"elementor-element elementor-element-ea2b04c elementor-widget elementor-widget-text-editor\" data-id=\"ea2b04c\" data-element_type=\"widget\" data-widget_type=\"text-editor.default\">\n\t\t\t\t<div class=\"elementor-widget-container\">\n\t\t\t\t\t\t\t\t\t<p>La direcci\u00f3n y administraci\u00f3n del INCOOP est\u00e1 a cargo del Consejo Directivo integrado por un presidente, cuatro miembros titulares y cuatro suplentes.<\/p>\t\t\t\t\t\t\t\t<\/div>\n\t\t\t\t<\/div>\n\t\t\t\t\t<\/div>\n\t\t<\/div>\n\t\t\t\t\t<\/div>\n\t\t<\/section>\n\t\t\t\t<section class=\"elementor-section elementor-top-section elementor-element elementor-element-f528428 elementor-section-boxed elementor-section-height-default elementor-section-height-default\" data-id=\"f528428\" data-element_type=\"section\">\n\t\t\t\t\t\t<div class=\"elementor-container elementor-column-gap-default\">\n\t\t\t\t\t<div class=\"elementor-column elementor-col-33 elementor-top-column elementor-element elementor-element-c50cf98\" data-id=\"c50cf98\" data-element_type=\"column\">\n\t\t\t<div class=\"elementor-widget-wrap elementor-element-populated\">\n\t\t\t\t\t\t<div class=\"elementor-element elementor-element-141ffd4 elementor-widget elementor-widget-image\" data-id=\"141ffd4\" data-element_type=\"widget\" data-widget_type=\"image.default\">\n\t\t\t\t<div class=\"elementor-widget-container\">\n\t\t\t\t\t\t\t\t\t\t\t\t\t\t\t<img fetchpriority=\"high\" decoding=\"async\" width=\"400\" height=\"480\" src=\"https:\/\/www.incoop.gov.py\/wp-content\/uploads\/2026\/02\/FABIA-CACERES.jpg\" class=\"attachment-large size-large wp-image-13720\" alt=\"\" srcset=\"https:\/\/www.incoop.gov.py\/wp-content\/uploads\/2026\/02\/FABIA-CACERES.jpg 400w, https:\/\/www.incoop.gov.py\/wp-content\/uploads\/2026\/02\/FABIA-CACERES-250x300.jpg 250w\" sizes=\"(max-width: 400px) 100vw, 400px\" \/>\t\t\t\t\t\t\t\t\t\t\t\t\t\t\t<\/div>\n\t\t\t\t<\/div>\n\t\t\t\t<div class=\"elementor-element elementor-element-19f402f elementor-widget elementor-widget-text-editor\" data-id=\"19f402f\" data-element_type=\"widget\" data-widget_type=\"text-editor.default\">\n\t\t\t\t<div class=\"elementor-widget-container\">\n\t\t\t\t\t\t\t\t\t<h4 class=\"elementor-heading-title elementor-size-default\">Abog. Fabia Noem\u00ed C\u00e1ceres de Rol\u00f3n<\/h4><p><em>Sector Cooperativas de Ahorro y Cr\u00e9dito<\/em><\/p>\t\t\t\t\t\t\t\t<\/div>\n\t\t\t\t<\/div>\n\t\t\t\t\t<\/div>\n\t\t<\/div>\n\t\t\t\t<div class=\"elementor-column elementor-col-33 elementor-top-column elementor-element elementor-element-fac50ea\" data-id=\"fac50ea\" data-element_type=\"column\">\n\t\t\t<div class=\"elementor-widget-wrap elementor-element-populated\">\n\t\t\t\t\t\t<div class=\"elementor-element elementor-element-3b5b094 elementor-widget elementor-widget-image\" data-id=\"3b5b094\" data-element_type=\"widget\" data-widget_type=\"image.default\">\n\t\t\t\t<div class=\"elementor-widget-container\">\n\t\t\t\t\t\t\t\t\t\t\t\t\t\t\t<img decoding=\"async\" width=\"400\" height=\"480\" src=\"https:\/\/www.incoop.gov.py\/wp-content\/uploads\/2026\/02\/estela-ballena.jpg\" class=\"attachment-large size-large wp-image-13721\" alt=\"estela ballena\" srcset=\"https:\/\/www.incoop.gov.py\/wp-content\/uploads\/2026\/02\/estela-ballena.jpg 400w, https:\/\/www.incoop.gov.py\/wp-content\/uploads\/2026\/02\/estela-ballena-250x300.jpg 250w\" sizes=\"(max-width: 400px) 100vw, 400px\" \/>\t\t\t\t\t\t\t\t\t\t\t\t\t\t\t<\/div>\n\t\t\t\t<\/div>\n\t\t\t\t<div class=\"elementor-element elementor-element-bbfda7d elementor-widget elementor-widget-text-editor\" data-id=\"bbfda7d\" data-element_type=\"widget\" data-widget_type=\"text-editor.default\">\n\t\t\t\t<div class=\"elementor-widget-container\">\n\t\t\t\t\t\t\t\t\t<h4 class=\"elementor-heading-title elementor-size-default\">Abg. Mar\u00eda Estela Vallena Araujo<\/h4><p><em>Sector Cooperativas de Otros Tipos<\/em><\/p>\t\t\t\t\t\t\t\t<\/div>\n\t\t\t\t<\/div>\n\t\t\t\t\t<\/div>\n\t\t<\/div>\n\t\t\t\t<div class=\"elementor-column elementor-col-33 elementor-top-column elementor-element elementor-element-649bf6a\" data-id=\"649bf6a\" data-element_type=\"column\">\n\t\t\t<div class=\"elementor-widget-wrap elementor-element-populated\">\n\t\t\t\t\t\t<div class=\"elementor-element elementor-element-f0900fd elementor-widget elementor-widget-image\" data-id=\"f0900fd\" data-element_type=\"widget\" data-widget_type=\"image.default\">\n\t\t\t\t<div class=\"elementor-widget-container\">\n\t\t\t\t\t\t\t\t\t\t\t\t\t\t\t<img loading=\"lazy\" decoding=\"async\" width=\"400\" height=\"480\" src=\"https:\/\/www.incoop.gov.py\/wp-content\/uploads\/2026\/02\/marta-mendez-de-bareiro.jpg\" class=\"attachment-large size-large wp-image-13722\" alt=\"marta mendez de bareiro\" srcset=\"https:\/\/www.incoop.gov.py\/wp-content\/uploads\/2026\/02\/marta-mendez-de-bareiro.jpg 400w, https:\/\/www.incoop.gov.py\/wp-content\/uploads\/2026\/02\/marta-mendez-de-bareiro-250x300.jpg 250w\" sizes=\"(max-width: 400px) 100vw, 400px\" \/>\t\t\t\t\t\t\t\t\t\t\t\t\t\t\t<\/div>\n\t\t\t\t<\/div>\n\t\t\t\t<div class=\"elementor-element elementor-element-1a0103b elementor-widget elementor-widget-text-editor\" data-id=\"1a0103b\" data-element_type=\"widget\" data-widget_type=\"text-editor.default\">\n\t\t\t\t<div class=\"elementor-widget-container\">\n\t\t\t\t\t\t\t\t\t<h4 class=\"elementor-heading-title elementor-size-default\">Lic. Marta Dolores M\u00e9ndez de Bareiro<\/h4><p><em>Sector Cooperativas de Producci\u00f3n<\/em><\/p><p><a href=\"https:\/\/www.incoop.gov.py\/wp-content\/uploads\/2026\/02\/CV-MARTA-MENDEZ-ago24.pdf\">Ver CV Adjunto<\/a><\/p>\t\t\t\t\t\t\t\t<\/div>\n\t\t\t\t<\/div>\n\t\t\t\t\t<\/div>\n\t\t<\/div>\n\t\t\t\t\t<\/div>\n\t\t<\/section>\n\t\t\t\t<\/div>\n\t\t","protected":false},"excerpt":{"rendered":"<p>PRESIDENTE Ing. Agr. Carlos Romero Roa Presidente Interino del Instituto Nacional de Cooperativismo, nombrado por Decreto de la Presidencia de la Rep\u00fablica. \u00a0 DECRETO N\u00b0 1412 CONSEJO DIRECTIVO La direcci\u00f3n y administraci\u00f3n del INCOOP est\u00e1 a cargo del Consejo Directivo integrado por un presidente, cuatro miembros titulares y cuatro suplentes. Abog. Fabia Noem\u00ed C\u00e1ceres de [&hellip;]<\/p>\n","protected":false},"author":1,"featured_media":0,"parent":106,"menu_order":0,"comment_status":"closed","ping_status":"closed","template":"elementor_header_footer","meta":{"footnotes":""},"class_list":["post-4774","page","type-page","status-publish","hentry"],"_links":{"self":[{"href":"https:\/\/www.incoop.gov.py\/index.php?rest_route=\/wp\/v2\/pages\/4774","targetHints":{"allow":["GET"]}}],"collection":[{"href":"https:\/\/www.incoop.gov.py\/index.php?rest_route=\/wp\/v2\/pages"}],"about":[{"href":"https:\/\/www.incoop.gov.py\/index.php?rest_route=\/wp\/v2\/types\/page"}],"author":[{"embeddable":true,"href":"https:\/\/www.incoop.gov.py\/index.php?rest_route=\/wp\/v2\/users\/1"}],"replies":[{"embeddable":true,"href":"https:\/\/www.incoop.gov.py\/index.php?rest_route=%2Fwp%2Fv2%2Fcomments&post=4774"}],"version-history":[{"count":20,"href":"https:\/\/www.incoop.gov.py\/index.php?rest_route=\/wp\/v2\/pages\/4774\/revisions"}],"predecessor-version":[{"id":13742,"href":"https:\/\/www.incoop.gov.py\/index.php?rest_route=\/wp\/v2\/pages\/4774\/revisions\/13742"}],"up":[{"embeddable":true,"href":"https:\/\/www.incoop.gov.py\/index.php?rest_route=\/wp\/v2\/pages\/106"}],"wp:attachment":[{"href":"https:\/\/www.incoop.gov.py\/index.php?rest_route=%2Fwp%2Fv2%2Fmedia&parent=4774"}],"curies":[{"name":"wp","href":"https:\/\/api.w.org\/{rel}","templated":true}]}}