{"id":4763,"date":"2015-02-19T12:54:13","date_gmt":"2015-02-19T16:54:13","guid":{"rendered":"http:\/\/www.incoop.gov.py\/v2\/?page_id=4763"},"modified":"2026-02-20T13:08:59","modified_gmt":"2026-02-20T16:08:59","slug":"ley-organica","status":"publish","type":"page","link":"https:\/\/www.incoop.gov.py\/?page_id=4763","title":{"rendered":"Ley Org\u00e1nica"},"content":{"rendered":"\t\t<div data-elementor-type=\"wp-page\" data-elementor-id=\"4763\" class=\"elementor elementor-4763\">\n\t\t\t\t\t\t<section class=\"elementor-section elementor-top-section elementor-element elementor-element-47fa5b36 elementor-section-boxed elementor-section-height-default elementor-section-height-default\" data-id=\"47fa5b36\" data-element_type=\"section\">\n\t\t\t\t\t\t<div class=\"elementor-container elementor-column-gap-default\">\n\t\t\t\t\t<div class=\"elementor-column elementor-col-100 elementor-top-column elementor-element elementor-element-739c152a\" data-id=\"739c152a\" data-element_type=\"column\">\n\t\t\t<div class=\"elementor-widget-wrap elementor-element-populated\">\n\t\t\t\t\t\t<div class=\"elementor-element elementor-element-5802b9b1 elementor-widget elementor-widget-text-editor\" data-id=\"5802b9b1\" data-element_type=\"widget\" data-widget_type=\"text-editor.default\">\n\t\t\t\t<div class=\"elementor-widget-container\">\n\t\t\t\t\t\t\t\t\t<p style=\"text-align: justify;\">El Instituto Nacional de Cooperativismo, <strong>INCOOP<\/strong>; creado por<strong> La Ley 2157\/03<\/strong>: \u00abQue regula el funcionamiento del INCOOP y establece su carta Org\u00e1nica\u00bb expresa en su Art. 1: Es persona jur\u00eddica de derecho p\u00fablico, aut\u00f3noma y aut\u00e1rquica, de duraci\u00f3n indefinida, ser\u00e1 la Autoridad de Aplicaci\u00f3n de la Legislaci\u00f3n Cooperativa y Autoridad de Control de los Entes Cooperativos, y se regir\u00e1 por las disposiciones de la presente Ley, los reglamentos y dem\u00e1s normas relativas al Cooperativismo.<\/p><p style=\"text-align: justify;\">Actualmente se encuentran registradas en el INCOOP, mil cuarenta y siete cooperativas de diferentes clases y tipos (especializadas y multiactivas)<\/p><h5>\u00a0<\/h5><h5 style=\"text-align: justify;\"><span style=\"color: #ff0000;\"><strong><em>El sector cooperativo tiene una participaci\u00f3n del 21% sobre los cr\u00e9ditos entregados por el sistema financiero en su conjunto y, al cierre de este a\u00f1o, llegaban a 1.300.000 asociados. <\/em><\/strong><\/span><\/h5><p>\u00a0<\/p><p style=\"text-align: justify;\">Las actividades econ\u00f3micas y sociales que desarrolla el movimiento cooperativo son amplias y cubren casi todos los \u00e1mbitos (producci\u00f3n, consumo, trabajo, ahorro y cr\u00e9ditos, educaci\u00f3n, comercializaci\u00f3n, etc)<\/p><p style=\"text-align: justify;\"><i class=\"fas fa-file-pdf\" style=\"font-size: 24px; color: red;\"><\/i>\u00a0 <a href=\"https:\/\/www.incoop.gov.py\/wp-content\/uploads\/2015\/02\/Ley2157.pdf\">Ley 2157\/03<\/a><\/p>\t\t\t\t\t\t\t\t<\/div>\n\t\t\t\t<\/div>\n\t\t\t\t\t<\/div>\n\t\t<\/div>\n\t\t\t\t\t<\/div>\n\t\t<\/section>\n\t\t\t\t<\/div>\n\t\t","protected":false},"excerpt":{"rendered":"<p>El Instituto Nacional de Cooperativismo, INCOOP; creado por La Ley 2157\/03: \u00abQue regula el funcionamiento del INCOOP y establece su carta Org\u00e1nica\u00bb expresa en su Art. 1: Es persona jur\u00eddica de derecho p\u00fablico, aut\u00f3noma y aut\u00e1rquica, de duraci\u00f3n indefinida, ser\u00e1 la Autoridad de Aplicaci\u00f3n de la Legislaci\u00f3n Cooperativa y Autoridad de Control de los Entes [&hellip;]<\/p>\n","protected":false},"author":1,"featured_media":0,"parent":106,"menu_order":0,"comment_status":"closed","ping_status":"closed","template":"elementor_header_footer","meta":{"footnotes":""},"class_list":["post-4763","page","type-page","status-publish","hentry"],"_links":{"self":[{"href":"https:\/\/www.incoop.gov.py\/index.php?rest_route=\/wp\/v2\/pages\/4763","targetHints":{"allow":["GET"]}}],"collection":[{"href":"https:\/\/www.incoop.gov.py\/index.php?rest_route=\/wp\/v2\/pages"}],"about":[{"href":"https:\/\/www.incoop.gov.py\/index.php?rest_route=\/wp\/v2\/types\/page"}],"author":[{"embeddable":true,"href":"https:\/\/www.incoop.gov.py\/index.php?rest_route=\/wp\/v2\/users\/1"}],"replies":[{"embeddable":true,"href":"https:\/\/www.incoop.gov.py\/index.php?rest_route=%2Fwp%2Fv2%2Fcomments&post=4763"}],"version-history":[{"count":14,"href":"https:\/\/www.incoop.gov.py\/index.php?rest_route=\/wp\/v2\/pages\/4763\/revisions"}],"predecessor-version":[{"id":13783,"href":"https:\/\/www.incoop.gov.py\/index.php?rest_route=\/wp\/v2\/pages\/4763\/revisions\/13783"}],"up":[{"embeddable":true,"href":"https:\/\/www.incoop.gov.py\/index.php?rest_route=\/wp\/v2\/pages\/106"}],"wp:attachment":[{"href":"https:\/\/www.incoop.gov.py\/index.php?rest_route=%2Fwp%2Fv2%2Fmedia&parent=4763"}],"curies":[{"name":"wp","href":"https:\/\/api.w.org\/{rel}","templated":true}]}}