{"id":4385,"date":"2014-08-18T11:47:46","date_gmt":"2014-08-18T15:47:46","guid":{"rendered":"http:\/\/www.incoop.gov.py\/v1\/?page_id=4385"},"modified":"2026-02-23T10:23:22","modified_gmt":"2026-02-23T13:23:22","slug":"informacion-ley-518914","status":"publish","type":"page","link":"https:\/\/www.incoop.gov.py\/?page_id=4385","title":{"rendered":"Informaci\u00f3n Ley 5189\/14"},"content":{"rendered":"\t\t<div data-elementor-type=\"wp-page\" data-elementor-id=\"4385\" class=\"elementor elementor-4385\">\n\t\t\t\t\t\t<section class=\"elementor-section elementor-top-section elementor-element elementor-element-2ab74188 elementor-section-boxed elementor-section-height-default elementor-section-height-default\" data-id=\"2ab74188\" data-element_type=\"section\">\n\t\t\t\t\t\t<div class=\"elementor-container elementor-column-gap-default\">\n\t\t\t\t\t<div class=\"elementor-column elementor-col-100 elementor-top-column elementor-element elementor-element-2a604a99\" data-id=\"2a604a99\" data-element_type=\"column\">\n\t\t\t<div class=\"elementor-widget-wrap elementor-element-populated\">\n\t\t\t\t\t\t<div class=\"elementor-element elementor-element-83e52cc elementor-widget elementor-widget-text-editor\" data-id=\"83e52cc\" data-element_type=\"widget\" data-widget_type=\"text-editor.default\">\n\t\t\t\t<div class=\"elementor-widget-container\">\n\t\t\t\t\t\t\t\t\t<h5><strong>Ley N\u00ba 5189 \/ ESTABLECE LA OBLIGATORIEDAD DE LA PROVISI\u00d3N DE INFORMACIONES EN EL USO DE LOS RECURSOS P\u00daBLICOS SOBRE REMUNERACIONES Y OTRAS RETRIBUCIONES ASIGNADAS AL SERVIDOR P\u00daBLICO DE LA REP\u00daBLICA DEL PARAGUAY.<\/strong><\/h5><h5><strong><img decoding=\"async\" class=\"\" src=\"https:\/\/www.incoop.gov.py\/wp-content\/uploads\/2026\/02\/Google_Drive_icon.png\" alt=\"PDF Icon\" width=\"25\" height=\"25\" \/>\u00a0 <\/strong><a title=\"Ley N\u00b0 5189\" href=\"https:\/\/drive.google.com\/drive\/folders\/1rxvMGejX6YaPTXcWGogUCHw93Tl8qFty?usp=drive_link\" target=\"_blank\" rel=\"noopener\">Documentos Publicados<\/a><\/h5><h5><strong><img decoding=\"async\" class=\"\" src=\"https:\/\/www.incoop.gov.py\/wp-content\/uploads\/2026\/02\/pdf-icon.webp\" alt=\"PDF Icon\" width=\"25\" height=\"25\" \/>\u00a0 Descargar Archivo:<\/strong>\u00a0<a title=\"Ley N\u00b0 5189\" href=\"https:\/\/www.incoop.gov.py\/wp-content\/uploads\/2026\/02\/Ley-5189-2014.pdf\" target=\"_blank\" rel=\"noopener\">Ley N\u00b0 5189<\/a>\u00a0(126.23 KB)<\/h5>\t\t\t\t\t\t\t\t<\/div>\n\t\t\t\t<\/div>\n\t\t\t\t\t<\/div>\n\t\t<\/div>\n\t\t\t\t\t<\/div>\n\t\t<\/section>\n\t\t\t\t<\/div>\n\t\t","protected":false},"excerpt":{"rendered":"<p>Ley N\u00ba 5189 \/ ESTABLECE LA OBLIGATORIEDAD DE LA PROVISI\u00d3N DE INFORMACIONES EN EL USO DE LOS RECURSOS P\u00daBLICOS SOBRE REMUNERACIONES Y OTRAS RETRIBUCIONES ASIGNADAS AL SERVIDOR P\u00daBLICO DE LA REP\u00daBLICA DEL PARAGUAY. \u00a0 Documentos Publicados \u00a0 Descargar Archivo:\u00a0Ley N\u00b0 5189\u00a0(126.23 KB)<\/p>\n","protected":false},"author":1,"featured_media":0,"parent":5657,"menu_order":0,"comment_status":"closed","ping_status":"closed","template":"elementor_header_footer","meta":{"footnotes":""},"class_list":["post-4385","page","type-page","status-publish","hentry"],"_links":{"self":[{"href":"https:\/\/www.incoop.gov.py\/index.php?rest_route=\/wp\/v2\/pages\/4385","targetHints":{"allow":["GET"]}}],"collection":[{"href":"https:\/\/www.incoop.gov.py\/index.php?rest_route=\/wp\/v2\/pages"}],"about":[{"href":"https:\/\/www.incoop.gov.py\/index.php?rest_route=\/wp\/v2\/types\/page"}],"author":[{"embeddable":true,"href":"https:\/\/www.incoop.gov.py\/index.php?rest_route=\/wp\/v2\/users\/1"}],"replies":[{"embeddable":true,"href":"https:\/\/www.incoop.gov.py\/index.php?rest_route=%2Fwp%2Fv2%2Fcomments&post=4385"}],"version-history":[{"count":8,"href":"https:\/\/www.incoop.gov.py\/index.php?rest_route=\/wp\/v2\/pages\/4385\/revisions"}],"predecessor-version":[{"id":13802,"href":"https:\/\/www.incoop.gov.py\/index.php?rest_route=\/wp\/v2\/pages\/4385\/revisions\/13802"}],"up":[{"embeddable":true,"href":"https:\/\/www.incoop.gov.py\/index.php?rest_route=\/wp\/v2\/pages\/5657"}],"wp:attachment":[{"href":"https:\/\/www.incoop.gov.py\/index.php?rest_route=%2Fwp%2Fv2%2Fmedia&parent=4385"}],"curies":[{"name":"wp","href":"https:\/\/api.w.org\/{rel}","templated":true}]}}