{"id":14168,"date":"2026-03-16T12:00:48","date_gmt":"2026-03-16T15:00:48","guid":{"rendered":"https:\/\/www.incoop.gov.py\/?page_id=14168"},"modified":"2026-04-13T15:25:08","modified_gmt":"2026-04-13T18:25:08","slug":"indicadores-misionales","status":"publish","type":"page","link":"https:\/\/www.incoop.gov.py\/?page_id=14168","title":{"rendered":"Indicadores Misionales"},"content":{"rendered":"\t\t<div data-elementor-type=\"wp-page\" data-elementor-id=\"14168\" class=\"elementor elementor-14168\">\n\t\t\t\t\t\t<section class=\"elementor-section elementor-top-section elementor-element elementor-element-976b03e elementor-section-boxed elementor-section-height-default elementor-section-height-default\" data-id=\"976b03e\" data-element_type=\"section\">\n\t\t\t\t\t\t<div class=\"elementor-container elementor-column-gap-default\">\n\t\t\t\t\t<div class=\"elementor-column elementor-col-100 elementor-top-column elementor-element elementor-element-4354740\" data-id=\"4354740\" data-element_type=\"column\">\n\t\t\t<div class=\"elementor-widget-wrap elementor-element-populated\">\n\t\t\t\t\t\t<div class=\"elementor-element elementor-element-b5f7547 elementor-widget elementor-widget-text-editor\" data-id=\"b5f7547\" data-element_type=\"widget\" data-widget_type=\"text-editor.default\">\n\t\t\t\t<div class=\"elementor-widget-container\">\n\t\t\t\t\t\t\t\t\t<p style=\"text-align: justify;\">Con los Indicadores Misionales, en espec\u00edfico en la Direcci\u00f3n Jur\u00eddica, se busca evidenciar los trabajos realizados en el presente a\u00f1o, utilizando el indicador Cantidad de Cooperativas admitidas y canceladas, por a\u00f1o. En referencia a las admitidas y\/o reconocidas, estas deben pasar por un proceso de varias capacitaciones y al mismo tiempo cumplir con todos los requisitos exigidos, seg\u00fan la Ley de Cooperativas, para que finalmente se obtenga el reconocimiento de la Personer\u00eda Jur\u00eddica por parte del INCOOP, a trav\u00e9s de la Direcci\u00f3n Jur\u00eddica.<\/p><p style=\"text-align: justify;\">En cambio, los motivos de las entidades canceladas ser\u00edan: la falta de operatividad, malos manejos de los bienes patrimoniales y otros. Los mismos enfrentan procesos como la intervenci\u00f3n y posterior retiro de autorizaci\u00f3n para operar.<\/p><p style=\"text-align: justify;\">En referencia a las admitidas y\/o reconocidas, estas deben pasar por un proceso de varias capacitaciones y al mismo tiempo cumplir con todos los requisitos exigidos, seg\u00fan la Ley de Cooperativas, para que finalmente se obtenga el reconocimiento de la Personer\u00eda Jur\u00eddica por parte del INCOOP, a trav\u00e9s de la Direcci\u00f3n Jur\u00eddica.<\/p><p style=\"text-align: justify;\">En cambio, los motivos de las entidades canceladas ser\u00edan: la falta de operatividad, malos manejos de los bienes patrimoniales y otros. Los mismos enfrentan procesos como la Intervenci\u00f3n y posterior retiro de autorizaci\u00f3n para operar.<\/p>\t\t\t\t\t\t\t\t<\/div>\n\t\t\t\t<\/div>\n\t\t\t\t\t<\/div>\n\t\t<\/div>\n\t\t\t\t\t<\/div>\n\t\t<\/section>\n\t\t\t\t<section class=\"elementor-section elementor-top-section elementor-element elementor-element-27e747f elementor-section-boxed elementor-section-height-default elementor-section-height-default\" data-id=\"27e747f\" data-element_type=\"section\">\n\t\t\t\t\t\t<div class=\"elementor-container elementor-column-gap-default\">\n\t\t\t\t\t<div class=\"elementor-column elementor-col-100 elementor-top-column elementor-element elementor-element-0e48aa9\" data-id=\"0e48aa9\" data-element_type=\"column\">\n\t\t\t<div class=\"elementor-widget-wrap elementor-element-populated\">\n\t\t\t\t\t\t<div class=\"elementor-element elementor-element-3d6d17b elementor-widget elementor-widget-image\" data-id=\"3d6d17b\" data-element_type=\"widget\" data-widget_type=\"image.default\">\n\t\t\t\t<div class=\"elementor-widget-container\">\n\t\t\t\t\t\t\t\t\t\t\t\t<figure class=\"wp-caption\">\n\t\t\t\t\t\t\t\t\t\t<img fetchpriority=\"high\" decoding=\"async\" width=\"768\" height=\"461\" src=\"https:\/\/www.incoop.gov.py\/wp-content\/uploads\/2026\/04\/indicadores_misionales_2025_DJ-768x461.png\" class=\"attachment-medium_large size-medium_large wp-image-14377\" alt=\"\" srcset=\"https:\/\/www.incoop.gov.py\/wp-content\/uploads\/2026\/04\/indicadores_misionales_2025_DJ-768x461.png 768w, https:\/\/www.incoop.gov.py\/wp-content\/uploads\/2026\/04\/indicadores_misionales_2025_DJ-300x180.png 300w, https:\/\/www.incoop.gov.py\/wp-content\/uploads\/2026\/04\/indicadores_misionales_2025_DJ-1024x615.png 1024w, https:\/\/www.incoop.gov.py\/wp-content\/uploads\/2026\/04\/indicadores_misionales_2025_DJ-1536x922.png 1536w, https:\/\/www.incoop.gov.py\/wp-content\/uploads\/2026\/04\/indicadores_misionales_2025_DJ.png 1652w\" sizes=\"(max-width: 768px) 100vw, 768px\" \/>\t\t\t\t\t\t\t\t\t\t\t<figcaption class=\"widget-image-caption wp-caption-text\">Fuente: Direcci\u00f3n Jur\u00eddica - INCOOP \/ A\u00f1o 2025<\/figcaption>\n\t\t\t\t\t\t\t\t\t\t<\/figure>\n\t\t\t\t\t\t\t\t\t<\/div>\n\t\t\t\t<\/div>\n\t\t\t\t\t<\/div>\n\t\t<\/div>\n\t\t\t\t\t<\/div>\n\t\t<\/section>\n\t\t\t\t<section class=\"elementor-section elementor-top-section elementor-element elementor-element-308d8ab elementor-section-boxed elementor-section-height-default elementor-section-height-default\" data-id=\"308d8ab\" data-element_type=\"section\">\n\t\t\t\t\t\t<div class=\"elementor-container elementor-column-gap-default\">\n\t\t\t\t\t<div class=\"elementor-column elementor-col-100 elementor-top-column elementor-element elementor-element-417e2bb\" data-id=\"417e2bb\" data-element_type=\"column\">\n\t\t\t<div class=\"elementor-widget-wrap elementor-element-populated\">\n\t\t\t\t\t\t<div class=\"elementor-element elementor-element-5adc5f0 elementor-widget elementor-widget-text-editor\" data-id=\"5adc5f0\" data-element_type=\"widget\" data-widget_type=\"text-editor.default\">\n\t\t\t\t<div class=\"elementor-widget-container\">\n\t\t\t\t\t\t\t\t\t<p style=\"text-align: justify;\">La Direcci\u00f3n de Supervisi\u00f3n y Fiscalizaci\u00f3n es la instancia que se encarga de ejercer la fiscalizaci\u00f3n y control administrativo, econ\u00f3mico-financiero, social y los Servicios de las cooperativas, centrales, federaciones y confederaciones de cooperativas. Con los Indicadores Misionales de esta direcci\u00f3n se busca demostrar el grado de cumplimiento de la meta anual propuesta.<\/p><p style=\"text-align: justify;\">El proceso de Supervisi\u00f3n consiste en las revisiones y posterior an\u00e1lisis realizado desde gabinete u oficina (control extra situ), mediante los informes recepcionados, ya sea en forma mensual, trimestral, semestral y\/o anual, de acuerdo a la tipificaci\u00f3n correspondiente.<\/p><p style=\"text-align: justify;\">Y la Fiscalizaci\u00f3n consiste en los controles in situ, es decir, en los locales de las cooperativas y que generalmente estos derivan de los an\u00e1lisis del proceso de Supervisi\u00f3n.<\/p>\t\t\t\t\t\t\t\t<\/div>\n\t\t\t\t<\/div>\n\t\t\t\t\t<\/div>\n\t\t<\/div>\n\t\t\t\t\t<\/div>\n\t\t<\/section>\n\t\t\t\t<section class=\"elementor-section elementor-top-section elementor-element elementor-element-85c9ecf elementor-section-boxed elementor-section-height-default elementor-section-height-default\" data-id=\"85c9ecf\" data-element_type=\"section\">\n\t\t\t\t\t\t<div class=\"elementor-container elementor-column-gap-default\">\n\t\t\t\t\t<div class=\"elementor-column elementor-col-100 elementor-top-column elementor-element elementor-element-aa1b141\" data-id=\"aa1b141\" data-element_type=\"column\">\n\t\t\t<div class=\"elementor-widget-wrap elementor-element-populated\">\n\t\t\t\t\t\t<div class=\"elementor-element elementor-element-8b6a4c6 elementor-widget elementor-widget-image\" data-id=\"8b6a4c6\" data-element_type=\"widget\" data-widget_type=\"image.default\">\n\t\t\t\t<div class=\"elementor-widget-container\">\n\t\t\t\t\t\t\t\t\t\t\t\t<figure class=\"wp-caption\">\n\t\t\t\t\t\t\t\t\t\t<img decoding=\"async\" width=\"768\" height=\"461\" src=\"https:\/\/www.incoop.gov.py\/wp-content\/uploads\/2026\/04\/indicadores_misionales_2025_DSF-768x461.png\" class=\"attachment-medium_large size-medium_large wp-image-14376\" alt=\"\" srcset=\"https:\/\/www.incoop.gov.py\/wp-content\/uploads\/2026\/04\/indicadores_misionales_2025_DSF-768x461.png 768w, https:\/\/www.incoop.gov.py\/wp-content\/uploads\/2026\/04\/indicadores_misionales_2025_DSF-300x180.png 300w, https:\/\/www.incoop.gov.py\/wp-content\/uploads\/2026\/04\/indicadores_misionales_2025_DSF-1024x615.png 1024w, https:\/\/www.incoop.gov.py\/wp-content\/uploads\/2026\/04\/indicadores_misionales_2025_DSF-1536x922.png 1536w, https:\/\/www.incoop.gov.py\/wp-content\/uploads\/2026\/04\/indicadores_misionales_2025_DSF.png 1652w\" sizes=\"(max-width: 768px) 100vw, 768px\" \/>\t\t\t\t\t\t\t\t\t\t\t<figcaption class=\"widget-image-caption wp-caption-text\">Fuente: Direcci\u00f3n Supervisi\u00f3n y Fiscalizaci\u00f3n \u2013 INCOOP. A\u00f1o 2025<\/figcaption>\n\t\t\t\t\t\t\t\t\t\t<\/figure>\n\t\t\t\t\t\t\t\t\t<\/div>\n\t\t\t\t<\/div>\n\t\t\t\t\t<\/div>\n\t\t<\/div>\n\t\t\t\t\t<\/div>\n\t\t<\/section>\n\t\t\t\t<\/div>\n\t\t","protected":false},"excerpt":{"rendered":"<p>Con los Indicadores Misionales, en espec\u00edfico en la Direcci\u00f3n Jur\u00eddica, se busca evidenciar los trabajos realizados en el presente a\u00f1o, utilizando el indicador Cantidad de Cooperativas admitidas y canceladas, por a\u00f1o. En referencia a las admitidas y\/o reconocidas, estas deben pasar por un proceso de varias capacitaciones y al mismo tiempo cumplir con todos los [&hellip;]<\/p>\n","protected":false},"author":7,"featured_media":0,"parent":0,"menu_order":0,"comment_status":"closed","ping_status":"closed","template":"elementor_header_footer","meta":{"footnotes":""},"class_list":["post-14168","page","type-page","status-publish","hentry"],"_links":{"self":[{"href":"https:\/\/www.incoop.gov.py\/index.php?rest_route=\/wp\/v2\/pages\/14168","targetHints":{"allow":["GET"]}}],"collection":[{"href":"https:\/\/www.incoop.gov.py\/index.php?rest_route=\/wp\/v2\/pages"}],"about":[{"href":"https:\/\/www.incoop.gov.py\/index.php?rest_route=\/wp\/v2\/types\/page"}],"author":[{"embeddable":true,"href":"https:\/\/www.incoop.gov.py\/index.php?rest_route=\/wp\/v2\/users\/7"}],"replies":[{"embeddable":true,"href":"https:\/\/www.incoop.gov.py\/index.php?rest_route=%2Fwp%2Fv2%2Fcomments&post=14168"}],"version-history":[{"count":7,"href":"https:\/\/www.incoop.gov.py\/index.php?rest_route=\/wp\/v2\/pages\/14168\/revisions"}],"predecessor-version":[{"id":14380,"href":"https:\/\/www.incoop.gov.py\/index.php?rest_route=\/wp\/v2\/pages\/14168\/revisions\/14380"}],"wp:attachment":[{"href":"https:\/\/www.incoop.gov.py\/index.php?rest_route=%2Fwp%2Fv2%2Fmedia&parent=14168"}],"curies":[{"name":"wp","href":"https:\/\/api.w.org\/{rel}","templated":true}]}}