{"id":138,"date":"2011-05-19T15:57:49","date_gmt":"2011-05-19T15:57:49","guid":{"rendered":"http:\/\/200.1.202.3\/v1\/?page_id=138"},"modified":"2026-03-17T08:45:35","modified_gmt":"2026-03-17T11:45:35","slug":"enlaces","status":"publish","type":"page","link":"https:\/\/www.incoop.gov.py\/?page_id=138","title":{"rendered":"Enlaces"},"content":{"rendered":"\t\t<div data-elementor-type=\"wp-page\" data-elementor-id=\"138\" class=\"elementor elementor-138\">\n\t\t\t\t\t\t<section class=\"elementor-section elementor-top-section elementor-element elementor-element-b0e21d6 elementor-section-boxed elementor-section-height-default elementor-section-height-default\" data-id=\"b0e21d6\" data-element_type=\"section\" data-settings=\"{&quot;background_background&quot;:&quot;classic&quot;}\">\n\t\t\t\t\t\t\t<div class=\"elementor-background-overlay\"><\/div>\n\t\t\t\t\t\t\t<div class=\"elementor-container elementor-column-gap-default\">\n\t\t\t\t\t<div class=\"elementor-column elementor-col-50 elementor-top-column elementor-element elementor-element-a4e245c\" data-id=\"a4e245c\" data-element_type=\"column\">\n\t\t\t<div class=\"elementor-widget-wrap elementor-element-populated\">\n\t\t\t\t\t\t<div class=\"elementor-element elementor-element-4f91585 elementor-widget elementor-widget-text-editor\" data-id=\"4f91585\" data-element_type=\"widget\" data-widget_type=\"text-editor.default\">\n\t\t\t\t<div class=\"elementor-widget-container\">\n\t\t\t\t\t\t\t\t\t<h2>De inter\u00e9s <strong><span style=\"color: #339966;\">cooperativo<\/span><\/strong><\/h2>\t\t\t\t\t\t\t\t<\/div>\n\t\t\t\t<\/div>\n\t\t\t\t<div class=\"elementor-element elementor-element-6fbe0e4 elementor-widget-divider--view-line elementor-widget elementor-widget-divider\" data-id=\"6fbe0e4\" data-element_type=\"widget\" data-widget_type=\"divider.default\">\n\t\t\t\t<div class=\"elementor-widget-container\">\n\t\t\t\t\t\t\t<div class=\"elementor-divider\">\n\t\t\t<span class=\"elementor-divider-separator\">\n\t\t\t\t\t\t<\/span>\n\t\t<\/div>\n\t\t\t\t\t\t<\/div>\n\t\t\t\t<\/div>\n\t\t\t\t<div class=\"elementor-element elementor-element-373494f elementor-widget elementor-widget-text-editor\" data-id=\"373494f\" data-element_type=\"widget\" data-widget_type=\"text-editor.default\">\n\t\t\t\t<div class=\"elementor-widget-container\">\n\t\t\t\t\t\t\t\t\t<ul><li><a href=\"https:\/\/web.archive.org\/web\/20250919134855\/http:\/\/www.seprelad.gov.py\/\" target=\"_blank\" rel=\"noopener\">Secretar\u00eda de Prevenci\u00f3n del Lavado de Dinero<\/a><\/li><li><a href=\"https:\/\/web.archive.org\/web\/20250919134855\/http:\/\/www.aciamericas.coop\/\" target=\"_blank\" rel=\"noopener\">Alianza Cooperativa Internacional para las Am\u00e9ricas<\/a><\/li><li><a href=\"https:\/\/web.archive.org\/web\/20250919134855\/http:\/\/www.desjardins.com\/\" target=\"_blank\" rel=\"noopener\">Cooperaci\u00f3n construyendo el futuro<\/a><\/li><li><a href=\"https:\/\/web.archive.org\/web\/20250919134855\/http:\/\/www.dgrv.org\/\" target=\"_blank\" rel=\"noopener\">Confederaci\u00f3n Alemana de Cooperativas<\/a><\/li><li><a href=\"https:\/\/web.archive.org\/web\/20250919134855\/http:\/\/www.woccu.org\/\" target=\"_blank\" rel=\"noopener\">Consejo Mundial de Cooperativas de Ahorro y Cr\u00e9dito<\/a><\/li><li><a href=\"https:\/\/web.archive.org\/web\/20250919134855\/http:\/\/sincoop.mpcomunas.gob.ve\/\" target=\"_blank\" rel=\"noopener\">Superintendencia Nacional de Cooperativas Venezuela<\/a><\/li><li><a href=\"https:\/\/web.archive.org\/web\/20250919134855\/http:\/\/www.decoop.cl\/\">Diario Cooperativo Chile<\/a><\/li><li><a href=\"https:\/\/web.archive.org\/web\/20250919134855\/https:\/\/ica.coop\/es\/\" target=\"_blank\" rel=\"noopener\">Alianza Cooperativa Internacional<\/a><\/li><li><a href=\"https:\/\/web.archive.org\/web\/20250919134855\/https:\/\/aciamericas.coop\/\" target=\"_blank\" rel=\"noopener\">Cooperativas de las Am\u00e9ricas<\/a><\/li><li><a href=\"https:\/\/web.archive.org\/web\/20250919134855\/https:\/\/www.cicopa.coop\/es\/\">International Cooperative Alliance<\/a><\/li><li><a href=\"https:\/\/web.archive.org\/web\/20250919134855\/https:\/\/www.infocoop.go.cr\/\">Instituto Nacional de Fomento Cooperativo (Costa Rica)<\/a><\/li><\/ul>\t\t\t\t\t\t\t\t<\/div>\n\t\t\t\t<\/div>\n\t\t\t\t\t<\/div>\n\t\t<\/div>\n\t\t\t\t<div class=\"elementor-column elementor-col-50 elementor-top-column elementor-element elementor-element-238d8fe\" data-id=\"238d8fe\" data-element_type=\"column\">\n\t\t\t<div class=\"elementor-widget-wrap elementor-element-populated\">\n\t\t\t\t\t\t<div class=\"elementor-element elementor-element-2d56aed elementor-widget elementor-widget-text-editor\" data-id=\"2d56aed\" data-element_type=\"widget\" data-widget_type=\"text-editor.default\">\n\t\t\t\t<div class=\"elementor-widget-container\">\n\t\t\t\t\t\t\t\t\t<h2>Sitios del <strong><span style=\"color: #ff0000;\">gobierno<\/span><\/strong><\/h2>\t\t\t\t\t\t\t\t<\/div>\n\t\t\t\t<\/div>\n\t\t\t\t<div class=\"elementor-element elementor-element-6047610 elementor-widget-divider--view-line elementor-widget elementor-widget-divider\" data-id=\"6047610\" data-element_type=\"widget\" data-widget_type=\"divider.default\">\n\t\t\t\t<div class=\"elementor-widget-container\">\n\t\t\t\t\t\t\t<div class=\"elementor-divider\">\n\t\t\t<span class=\"elementor-divider-separator\">\n\t\t\t\t\t\t<\/span>\n\t\t<\/div>\n\t\t\t\t\t\t<\/div>\n\t\t\t\t<\/div>\n\t\t\t\t<div class=\"elementor-element elementor-element-e24724a elementor-widget elementor-widget-text-editor\" data-id=\"e24724a\" data-element_type=\"widget\" data-widget_type=\"text-editor.default\">\n\t\t\t\t<div class=\"elementor-widget-container\">\n\t\t\t\t\t\t\t\t\t<ul><li><a class=\"white-text white-enlaces\" href=\"https:\/\/web.archive.org\/web\/20250919134855\/http:\/\/www.presidencia.gov.py\/\" target=\"_blank\" rel=\"noopener\">Presidencia de la Rep\u00fablica del Paraguay<\/a><\/li><li><a class=\"white-text white-enlaces\" href=\"https:\/\/web.archive.org\/web\/20250919134855\/http:\/\/www.hacienda.gov.py\/\" target=\"_blank\" rel=\"noopener\">Ministerio de Hacienda (MH)<\/a><\/li><li><a class=\"white-text white-enlaces\" href=\"https:\/\/web.archive.org\/web\/20250919134855\/http:\/\/www.mdn.gov.py\/\" target=\"_blank\" rel=\"noopener\">Ministerio de Defensa Nacional (MDN)<\/a><\/li><li><a class=\"white-text white-enlaces\" href=\"https:\/\/web.archive.org\/web\/20250919134855\/http:\/\/www.ministeriodejusticia.gov.py\/\" target=\"_blank\" rel=\"noopener\">Ministerio de Justicia (MJ)<\/a><\/li><li><a class=\"white-text white-enlaces\" href=\"https:\/\/web.archive.org\/web\/20250919134855\/http:\/\/www.mspbs.gov.py\/\" target=\"_blank\" rel=\"noopener\">Ministerio de Salud P\u00fablica y Bienestar Social (MSPyBS)<\/a><\/li><li><a class=\"white-text white-enlaces\" href=\"https:\/\/web.archive.org\/web\/20250919134855\/http:\/\/www.mopc.gov.py\/\" target=\"_blank\" rel=\"noopener\">Ministerio de Obras P\u00fablicas y Comunicaciones (MOPC)<\/a><\/li><li><a class=\"white-text white-enlaces\" href=\"https:\/\/web.archive.org\/web\/20250919134855\/http:\/\/www.mdi.gov.py\/\" target=\"_blank\" rel=\"noopener\">Ministerio del Interior (MDI)<\/a><\/li><li><a class=\"white-text white-enlaces\" href=\"https:\/\/web.archive.org\/web\/20250919134855\/http:\/\/www.mujer.gov.py\/\" target=\"_blank\" rel=\"noopener\">Ministerio de la Mujer(MDM)<\/a><\/li><li><a class=\"white-text white-enlaces\" href=\"https:\/\/web.archive.org\/web\/20250919134855\/http:\/\/www.minna.gov.py\/\" target=\"_blank\" rel=\"noopener\">Ministerio de la Ni\u00f1ez y Adolescencia (MINNA)<\/a><\/li><li><a class=\"white-text white-enlaces\" href=\"https:\/\/web.archive.org\/web\/20250919134855\/http:\/\/www.mec.gov.py\/\" target=\"_blank\" rel=\"noopener\">Ministerio de Educaci\u00f3n y Ciencias (MEC)<\/a><\/li><li><a class=\"white-text white-enlaces\" href=\"https:\/\/web.archive.org\/web\/20250919134855\/https:\/\/www.mag.gov.py\/\" target=\"_blank\" rel=\"noopener\">Ministerio de Agricultura y Ganader\u00eda (MAG)<\/a><\/li><li><a class=\"white-text white-enlaces\" href=\"https:\/\/web.archive.org\/web\/20250919134855\/http:\/\/www.mtess.gov.py\/\" target=\"_blank\" rel=\"noopener\">Ministerio de Trabajo, Empleo y Seguridad Social (MTESS)<\/a><\/li><li><a class=\"white-text white-enlaces\" href=\"https:\/\/web.archive.org\/web\/20250919134855\/http:\/\/www.conacyt.gov.py\/\" target=\"_blank\" rel=\"noopener\">Consejo Nacional de Ciencia y Tecnolog\u00eda (CONACYT)<\/a><\/li><li><a class=\"white-text white-enlaces\" href=\"https:\/\/web.archive.org\/web\/20250919134855\/https:\/\/mitic.gov.py\/\" target=\"_blank\" rel=\"noopener\">Ministerio de Tecnolog\u00edas de la Informaci\u00f3n y Comunicaci\u00f3n (MITIC)<\/a><\/li><li><a class=\"white-text white-enlaces\" href=\"https:\/\/web.archive.org\/web\/20250919134855\/http:\/\/www.sfp.gov.py\/\" target=\"_blank\" rel=\"noopener\">Viceministerio de Capital Humano y Gesti\u00f3n Organizacional (VCHGO)<\/a><\/li><li><a class=\"white-text white-enlaces\" href=\"https:\/\/web.archive.org\/web\/20250919134855\/https:\/\/www.mds.gov.py\/\" target=\"_blank\" rel=\"noopener\">Ministerio de Desarrollo Social (MDS)<\/a><\/li><li><a class=\"white-text white-enlaces\" href=\"https:\/\/web.archive.org\/web\/20250919134855\/http:\/\/www.fondec.gov.py\/\" target=\"_blank\" rel=\"noopener\">Fondo Nacional de la Cultura y las Artes (FONDEC)<\/a><\/li><li><a class=\"white-text white-enlaces\" href=\"https:\/\/web.archive.org\/web\/20250919134855\/http:\/\/www.repatriados.gov.py\/\" target=\"_blank\" rel=\"noopener\">Secretar\u00eda de Desarrollo para Repatriados y Refugiados Connacionales<\/a><\/li><li><a class=\"white-text white-enlaces\" href=\"https:\/\/web.archive.org\/web\/20250919134855\/http:\/\/www.cultura.gov.py\/\" target=\"_blank\" rel=\"noopener\">Secretar\u00eda Nacional de Cultura (SNC)<\/a><\/li><li><a class=\"white-text white-enlaces\" href=\"https:\/\/web.archive.org\/web\/20250919134855\/http:\/\/www.indi.gov.py\/\" target=\"_blank\" rel=\"noopener\">Instituto Paraguayo del Indigena (INDI)<\/a><\/li><li><a class=\"white-text white-enlaces\" href=\"https:\/\/web.archive.org\/web\/20250919134855\/http:\/\/www.snd.gov.py\/\" target=\"_blank\" rel=\"noopener\">Secretar\u00eda Nacional de Deportes (SND)<\/a><\/li><li><a class=\"white-text white-enlaces\" href=\"https:\/\/web.archive.org\/web\/20250919134855\/http:\/\/www.senatur.gov.py\/\" target=\"_blank\" rel=\"noopener\">Secretar\u00eda Nacional de Turismo (SENATUR)<\/a><\/li><\/ul>\t\t\t\t\t\t\t\t<\/div>\n\t\t\t\t<\/div>\n\t\t\t\t\t<\/div>\n\t\t<\/div>\n\t\t\t\t\t<\/div>\n\t\t<\/section>\n\t\t\t\t<\/div>\n\t\t","protected":false},"excerpt":{"rendered":"<p>De inter\u00e9s cooperativo Secretar\u00eda de Prevenci\u00f3n del Lavado de Dinero Alianza Cooperativa Internacional para las Am\u00e9ricas Cooperaci\u00f3n construyendo el futuro Confederaci\u00f3n Alemana de Cooperativas Consejo Mundial de Cooperativas de Ahorro y Cr\u00e9dito Superintendencia Nacional de Cooperativas Venezuela Diario Cooperativo Chile Alianza Cooperativa Internacional Cooperativas de las Am\u00e9ricas International Cooperative Alliance Instituto Nacional de Fomento Cooperativo [&hellip;]<\/p>\n","protected":false},"author":1,"featured_media":0,"parent":110,"menu_order":6,"comment_status":"closed","ping_status":"closed","template":"elementor_header_footer","meta":{"footnotes":""},"class_list":["post-138","page","type-page","status-publish","hentry"],"_links":{"self":[{"href":"https:\/\/www.incoop.gov.py\/index.php?rest_route=\/wp\/v2\/pages\/138","targetHints":{"allow":["GET"]}}],"collection":[{"href":"https:\/\/www.incoop.gov.py\/index.php?rest_route=\/wp\/v2\/pages"}],"about":[{"href":"https:\/\/www.incoop.gov.py\/index.php?rest_route=\/wp\/v2\/types\/page"}],"author":[{"embeddable":true,"href":"https:\/\/www.incoop.gov.py\/index.php?rest_route=\/wp\/v2\/users\/1"}],"replies":[{"embeddable":true,"href":"https:\/\/www.incoop.gov.py\/index.php?rest_route=%2Fwp%2Fv2%2Fcomments&post=138"}],"version-history":[{"count":7,"href":"https:\/\/www.incoop.gov.py\/index.php?rest_route=\/wp\/v2\/pages\/138\/revisions"}],"predecessor-version":[{"id":14246,"href":"https:\/\/www.incoop.gov.py\/index.php?rest_route=\/wp\/v2\/pages\/138\/revisions\/14246"}],"up":[{"embeddable":true,"href":"https:\/\/www.incoop.gov.py\/index.php?rest_route=\/wp\/v2\/pages\/110"}],"wp:attachment":[{"href":"https:\/\/www.incoop.gov.py\/index.php?rest_route=%2Fwp%2Fv2%2Fmedia&parent=138"}],"curies":[{"name":"wp","href":"https:\/\/api.w.org\/{rel}","templated":true}]}}