{"id":11994,"date":"2024-08-13T09:26:40","date_gmt":"2024-08-13T13:26:40","guid":{"rendered":"http:\/\/test.incoop.gov.py\/?page_id=11994"},"modified":"2026-03-27T09:10:06","modified_gmt":"2026-03-27T12:10:06","slug":"rendicion-de-cuentas","status":"publish","type":"page","link":"https:\/\/www.incoop.gov.py\/?page_id=11994","title":{"rendered":"Rendici\u00f3n de Cuentas"},"content":{"rendered":"\t\t<div data-elementor-type=\"wp-page\" data-elementor-id=\"11994\" class=\"elementor elementor-11994\">\n\t\t\t\t\t\t<section class=\"elementor-section elementor-top-section elementor-element elementor-element-b2bc5dd elementor-section-boxed elementor-section-height-default elementor-section-height-default\" data-id=\"b2bc5dd\" data-element_type=\"section\">\n\t\t\t\t\t\t<div class=\"elementor-container elementor-column-gap-default\">\n\t\t\t\t\t<div class=\"elementor-column elementor-col-100 elementor-top-column elementor-element elementor-element-c494017\" data-id=\"c494017\" data-element_type=\"column\">\n\t\t\t<div class=\"elementor-widget-wrap elementor-element-populated\">\n\t\t\t\t\t\t<div class=\"elementor-element elementor-element-d8874a5 elementor-widget elementor-widget-text-editor\" data-id=\"d8874a5\" data-element_type=\"widget\" data-widget_type=\"text-editor.default\">\n\t\t\t\t<div class=\"elementor-widget-container\">\n\t\t\t\t\t\t\t\t\t<div class=\"elementor-element elementor-element-e345c7d e-flex e-con-boxed e-con e-parent e-lazyloaded\" data-id=\"e345c7d\" data-element_type=\"container\"><div class=\"e-con-inner\"><div class=\"elementor-element elementor-element-753dc1d elementor-widget elementor-widget-text-editor\" data-id=\"753dc1d\" data-element_type=\"widget\" data-widget_type=\"text-editor.default\"><div class=\"elementor-widget-container\"><p style=\"text-align: justify;\"><span style=\"color: #000000;\">El nuevo modelo de rendici\u00f3n de cuentas se desarrolla en base a la metodolog\u00eda establecida en el manual aprobado por el Decreto N\u00b0 2991\/19, que encarga a las autoridades de las instituciones del Poder Ejecutivo, a impulsar actividades de rendici\u00f3n sobre su gesti\u00f3n, dirigidos al sujeto destinatario del servicio (el ciudadano), de forma sencilla, amigable y en forma constante, motivando su colaboraci\u00f3n en los procesos de toma de decisiones.<\/span><\/p><p style=\"text-align: justify;\"><span style=\"color: #000000;\">La coordinaci\u00f3n de las acciones recae sobre el Comit\u00e9 de Rendici\u00f3n de Cuentas al Ciudadano (CRCC), instancia constituida en las instituciones, con la misi\u00f3n de elaborar el plan de rendici\u00f3n de cuentas institucional y gestionar los mecanismos necesarios para dar avances al mismo, con la colaboraci\u00f3n activa y coordinada de todos sus miembros.<\/span><\/p><p style=\"text-align: justify;\"><span style=\"color: #000000;\">El CRCC tiene el encargo de elaborar informes parciales peri\u00f3dicos y un informe final, con sus respectivas evidencias, que ponen a disposici\u00f3n de la ciudadan\u00eda para el libre acceso y control.<\/span><\/p><p style=\"text-align: justify;\"><span style=\"color: #000000;\">La\u00a0<a style=\"color: #000000;\" href=\"https:\/\/www.contraloria.gov.py\/\" target=\"_blank\" rel=\"noopener\">Contralor\u00eda General de la Rep\u00fablica<\/a> es la instituci\u00f3n encargada de reglamentar y supervisar los procedimientos, a fin de promover el cumplimiento efectivo de las acciones de rendici\u00f3n.<\/span><\/p><\/div><\/div><\/div><\/div>\t\t\t\t\t\t\t\t<\/div>\n\t\t\t\t<\/div>\n\t\t\t\t\t<\/div>\n\t\t<\/div>\n\t\t\t\t\t<\/div>\n\t\t<\/section>\n\t\t\t\t<section class=\"elementor-section elementor-top-section elementor-element elementor-element-6e11d5c elementor-section-boxed elementor-section-height-default elementor-section-height-default\" data-id=\"6e11d5c\" data-element_type=\"section\">\n\t\t\t\t\t\t<div class=\"elementor-container elementor-column-gap-default\">\n\t\t\t\t\t<div class=\"elementor-column elementor-col-100 elementor-top-column elementor-element elementor-element-9c4270c\" data-id=\"9c4270c\" data-element_type=\"column\">\n\t\t\t<div class=\"elementor-widget-wrap elementor-element-populated\">\n\t\t\t\t\t\t<div class=\"elementor-element elementor-element-dfb86c7 elementor-widget elementor-widget-accordion\" data-id=\"dfb86c7\" data-element_type=\"widget\" data-widget_type=\"accordion.default\">\n\t\t\t\t<div class=\"elementor-widget-container\">\n\t\t\t\t\t\t\t<div class=\"elementor-accordion\">\n\t\t\t\t\t\t\t<div class=\"elementor-accordion-item\">\n\t\t\t\t\t<div id=\"elementor-tab-title-2341\" class=\"elementor-tab-title\" data-tab=\"1\" role=\"button\" aria-controls=\"elementor-tab-content-2341\" aria-expanded=\"false\">\n\t\t\t\t\t\t\t\t\t\t\t\t\t<span class=\"elementor-accordion-icon elementor-accordion-icon-left\" aria-hidden=\"true\">\n\t\t\t\t\t\t\t\t\t\t\t\t\t\t\t<span class=\"elementor-accordion-icon-closed\"><i class=\"fas fa-plus\"><\/i><\/span>\n\t\t\t\t\t\t\t\t<span class=\"elementor-accordion-icon-opened\"><i class=\"fas fa-minus\"><\/i><\/span>\n\t\t\t\t\t\t\t\t\t\t\t\t\t\t<\/span>\n\t\t\t\t\t\t\t\t\t\t\t\t<a class=\"elementor-accordion-title\" tabindex=\"0\">EJERCICIO FISCAL 2026<\/a>\n\t\t\t\t\t<\/div>\n\t\t\t\t\t<div id=\"elementor-tab-content-2341\" class=\"elementor-tab-content elementor-clearfix\" data-tab=\"1\" role=\"region\" aria-labelledby=\"elementor-tab-title-2341\"><ul><li><img decoding=\"async\" class=\"alignnone wp-image-13731\" src=\"https:\/\/www.incoop.gov.py\/wp-content\/uploads\/2026\/02\/pdf-icon.webp\" alt=\"\" width=\"24\" height=\"24\" srcset=\"https:\/\/www.incoop.gov.py\/wp-content\/uploads\/2026\/02\/pdf-icon.webp 512w, https:\/\/www.incoop.gov.py\/wp-content\/uploads\/2026\/02\/pdf-icon-300x300.webp 300w, https:\/\/www.incoop.gov.py\/wp-content\/uploads\/2026\/02\/pdf-icon-150x150.webp 150w\" sizes=\"(max-width: 24px) 100vw, 24px\" \/>\u00a0 <i class=\"fa fa-file-pdf-o\"><\/i><a href=\"https:\/\/www.incoop.gov.py\/wp-content\/uploads\/2026\/03\/PLAN-ANUAL-CRCC-2026.pdf\" target=\"_blank\" rel=\"noopener\">Plan de Rendici\u00f3n de Cuentas al Ciudadano<\/a><\/li><li><img decoding=\"async\" class=\"alignnone wp-image-13731\" src=\"https:\/\/www.incoop.gov.py\/wp-content\/uploads\/2026\/02\/pdf-icon.webp\" alt=\"\" width=\"24\" height=\"24\" srcset=\"https:\/\/www.incoop.gov.py\/wp-content\/uploads\/2026\/02\/pdf-icon.webp 512w, https:\/\/www.incoop.gov.py\/wp-content\/uploads\/2026\/02\/pdf-icon-300x300.webp 300w, https:\/\/www.incoop.gov.py\/wp-content\/uploads\/2026\/02\/pdf-icon-150x150.webp 150w\" sizes=\"(max-width: 24px) 100vw, 24px\" \/>\u00a0 <i class=\"fa fa-file-pdf-o\"><\/i>\u00a0<a href=\"https:\/\/www.incoop.gov.py\/wp-content\/uploads\/2026\/03\/RESOLUCION-INCOOP-N\u00b0-157-2026.pdf\" target=\"_blank\" rel=\"noopener\">Resoluci\u00f3n INCOOP N\u00b0 157\/2026 &#8211; Por la cual se aprueba el Plan Anual de Actividades CRCC<\/a><\/li><\/ul><\/div>\n\t\t\t\t<\/div>\n\t\t\t\t\t\t\t<div class=\"elementor-accordion-item\">\n\t\t\t\t\t<div id=\"elementor-tab-title-2342\" class=\"elementor-tab-title\" data-tab=\"2\" role=\"button\" aria-controls=\"elementor-tab-content-2342\" aria-expanded=\"false\">\n\t\t\t\t\t\t\t\t\t\t\t\t\t<span class=\"elementor-accordion-icon elementor-accordion-icon-left\" aria-hidden=\"true\">\n\t\t\t\t\t\t\t\t\t\t\t\t\t\t\t<span class=\"elementor-accordion-icon-closed\"><i class=\"fas fa-plus\"><\/i><\/span>\n\t\t\t\t\t\t\t\t<span class=\"elementor-accordion-icon-opened\"><i class=\"fas fa-minus\"><\/i><\/span>\n\t\t\t\t\t\t\t\t\t\t\t\t\t\t<\/span>\n\t\t\t\t\t\t\t\t\t\t\t\t<a class=\"elementor-accordion-title\" tabindex=\"0\">EJERCICIO FISCAL 2025<\/a>\n\t\t\t\t\t<\/div>\n\t\t\t\t\t<div id=\"elementor-tab-content-2342\" class=\"elementor-tab-content elementor-clearfix\" data-tab=\"2\" role=\"region\" aria-labelledby=\"elementor-tab-title-2342\"><ul><li><img decoding=\"async\" class=\"alignnone wp-image-13731\" src=\"https:\/\/www.incoop.gov.py\/wp-content\/uploads\/2026\/02\/pdf-icon.webp\" alt=\"\" width=\"24\" height=\"24\" srcset=\"https:\/\/www.incoop.gov.py\/wp-content\/uploads\/2026\/02\/pdf-icon.webp 512w, https:\/\/www.incoop.gov.py\/wp-content\/uploads\/2026\/02\/pdf-icon-300x300.webp 300w, https:\/\/www.incoop.gov.py\/wp-content\/uploads\/2026\/02\/pdf-icon-150x150.webp 150w\" sizes=\"(max-width: 24px) 100vw, 24px\" \/>\u00a0 <i class=\"fa fa-file-pdf-o\"><\/i><a href=\"https:\/\/www.incoop.gov.py\/wp-content\/uploads\/2025\/04\/PLAN-ANUAL-CRCC-ANO-2025.pdf\" target=\"_blank\" rel=\"noopener\">Plan de Rendici\u00f3n de Cuentas al Ciudadano<\/a><\/li><li><img decoding=\"async\" class=\"alignnone wp-image-13731\" src=\"https:\/\/www.incoop.gov.py\/wp-content\/uploads\/2026\/02\/pdf-icon.webp\" alt=\"\" width=\"24\" height=\"24\" srcset=\"https:\/\/www.incoop.gov.py\/wp-content\/uploads\/2026\/02\/pdf-icon.webp 512w, https:\/\/www.incoop.gov.py\/wp-content\/uploads\/2026\/02\/pdf-icon-300x300.webp 300w, https:\/\/www.incoop.gov.py\/wp-content\/uploads\/2026\/02\/pdf-icon-150x150.webp 150w\" sizes=\"(max-width: 24px) 100vw, 24px\" \/>\u00a0 <i class=\"fa fa-file-pdf-o\"><\/i>\u00a0<a href=\"https:\/\/www.incoop.gov.py\/wp-content\/uploads\/2025\/04\/RESOLUCION-INCOOP-N%C2%B0-99-25.pdf\" target=\"_blank\" rel=\"noopener\">Resoluci\u00f3n INCOOP N\u00b0 99\/2025 &#8211; Por la cual se aprueba el Plan Anual de Actividades CRCC<\/a><\/li><li><img decoding=\"async\" class=\"alignnone wp-image-13731\" src=\"https:\/\/www.incoop.gov.py\/wp-content\/uploads\/2026\/02\/pdf-icon.webp\" alt=\"\" width=\"24\" height=\"24\" srcset=\"https:\/\/www.incoop.gov.py\/wp-content\/uploads\/2026\/02\/pdf-icon.webp 512w, https:\/\/www.incoop.gov.py\/wp-content\/uploads\/2026\/02\/pdf-icon-300x300.webp 300w, https:\/\/www.incoop.gov.py\/wp-content\/uploads\/2026\/02\/pdf-icon-150x150.webp 150w\" sizes=\"(max-width: 24px) 100vw, 24px\" \/>\u00a0<i class=\"fa fa-file-pdf-o\"><\/i>\u00a0<a href=\"https:\/\/www.incoop.gov.py\/wp-content\/uploads\/2025\/04\/RESOLUCION-INCOOP-N%C2%B0-30.023-24.pdf\" target=\"_blank\" rel=\"noopener\">Resoluci\u00f3n INCOOP N\u00b0 30.023\/24 &#8211; Por la cual se dispone la conformaci\u00f3n del CRCC<\/a><\/li><li><img decoding=\"async\" class=\"alignnone wp-image-13731\" src=\"https:\/\/www.incoop.gov.py\/wp-content\/uploads\/2026\/02\/pdf-icon.webp\" alt=\"\" width=\"24\" height=\"24\" srcset=\"https:\/\/www.incoop.gov.py\/wp-content\/uploads\/2026\/02\/pdf-icon.webp 512w, https:\/\/www.incoop.gov.py\/wp-content\/uploads\/2026\/02\/pdf-icon-300x300.webp 300w, https:\/\/www.incoop.gov.py\/wp-content\/uploads\/2026\/02\/pdf-icon-150x150.webp 150w\" sizes=\"(max-width: 24px) 100vw, 24px\" \/>\u00a0 \u00a0<i class=\"fa fa-file-pdf-o\"><\/i><a href=\"https:\/\/www.incoop.gov.py\/wp-content\/uploads\/2025\/05\/INFORME-CRCC-INCOOP-1er-TRIMESTRE-2025.pdf\" target=\"_blank\" rel=\"noopener\">Informe Primer Trimestre 2025<\/a><\/li><li><i class=\"fa\"><img decoding=\"async\" class=\"alignnone size-full wp-image-13959\" src=\"https:\/\/www.incoop.gov.py\/wp-content\/uploads\/2026\/03\/excel-icon.png\" alt=\"excel icon\" width=\"25\" height=\"25\" \/> <\/i><a href=\"https:\/\/www.incoop.gov.py\/wp-content\/uploads\/2025\/05\/INFORME-CRCC-INCOOP-1er-TRIMESTRE-2025.xlsx\" target=\"_blank\" rel=\"noopener\">Informe Primer Trimestre 2025<\/a><\/li><li><img decoding=\"async\" class=\"alignnone wp-image-13731\" src=\"https:\/\/www.incoop.gov.py\/wp-content\/uploads\/2026\/02\/pdf-icon.webp\" alt=\"\" width=\"24\" height=\"24\" srcset=\"https:\/\/www.incoop.gov.py\/wp-content\/uploads\/2026\/02\/pdf-icon.webp 512w, https:\/\/www.incoop.gov.py\/wp-content\/uploads\/2026\/02\/pdf-icon-300x300.webp 300w, https:\/\/www.incoop.gov.py\/wp-content\/uploads\/2026\/02\/pdf-icon-150x150.webp 150w\" sizes=\"(max-width: 24px) 100vw, 24px\" \/>\u00a0 \u00a0<i class=\"fa fa-file-pdf-o\"><\/i><a href=\"https:\/\/www.incoop.gov.py\/wp-content\/uploads\/2020\/07\/INFORME-CRCC-INCOOP-2do-TRIMESTRE-2025.pdf\" target=\"_blank\" rel=\"noopener\">Informe\u00a0 Segundo Trimestre 2025<\/a><\/li><li><i class=\"fa\"><img decoding=\"async\" class=\"alignnone size-full wp-image-13959\" src=\"https:\/\/www.incoop.gov.py\/wp-content\/uploads\/2026\/03\/excel-icon.png\" alt=\"excel icon\" width=\"25\" height=\"25\" \/>\u00a0 \u00a0<\/i><a href=\"https:\/\/www.incoop.gov.py\/wp-content\/uploads\/2020\/07\/INFORME-CRCC-INCOOP-2do-TRIMESTRE-2025.xlsx\" target=\"_blank\" rel=\"noopener\">Informe Segundo\u00a0 Trimestre 2025<\/a><\/li><li><img decoding=\"async\" class=\"alignnone wp-image-13731\" src=\"https:\/\/www.incoop.gov.py\/wp-content\/uploads\/2026\/02\/pdf-icon.webp\" alt=\"\" width=\"24\" height=\"24\" srcset=\"https:\/\/www.incoop.gov.py\/wp-content\/uploads\/2026\/02\/pdf-icon.webp 512w, https:\/\/www.incoop.gov.py\/wp-content\/uploads\/2026\/02\/pdf-icon-300x300.webp 300w, https:\/\/www.incoop.gov.py\/wp-content\/uploads\/2026\/02\/pdf-icon-150x150.webp 150w\" sizes=\"(max-width: 24px) 100vw, 24px\" \/>\u00a0 \u00a0<i class=\"fa fa-file-pdf-o\"><\/i><a href=\"https:\/\/www.incoop.gov.py\/wp-content\/uploads\/2026\/03\/INFORME-CRCC-INCOOP-3er-TRIMESTRE-2025.pdf\" target=\"_blank\" rel=\"noopener\">Informe\u00a0 Tercer Trimestre 2025<\/a><\/li><li><i class=\"fa\"><img decoding=\"async\" class=\"alignnone size-full wp-image-13959\" src=\"https:\/\/www.incoop.gov.py\/wp-content\/uploads\/2026\/03\/excel-icon.png\" alt=\"excel icon\" width=\"25\" height=\"25\" \/>\u00a0 \u00a0<\/i><a href=\"https:\/\/www.incoop.gov.py\/wp-content\/uploads\/2026\/03\/INFORME-CRCC-INCOOP-3er-TRIMESTRE-2025.xlsx\" target=\"_blank\" rel=\"noopener\">Informe Tercer\u00a0 Trimestre 2025<\/a><\/li><li><img decoding=\"async\" class=\"alignnone wp-image-13731\" src=\"https:\/\/www.incoop.gov.py\/wp-content\/uploads\/2026\/02\/pdf-icon.webp\" alt=\"\" width=\"24\" height=\"24\" srcset=\"https:\/\/www.incoop.gov.py\/wp-content\/uploads\/2026\/02\/pdf-icon.webp 512w, https:\/\/www.incoop.gov.py\/wp-content\/uploads\/2026\/02\/pdf-icon-300x300.webp 300w, https:\/\/www.incoop.gov.py\/wp-content\/uploads\/2026\/02\/pdf-icon-150x150.webp 150w\" sizes=\"(max-width: 24px) 100vw, 24px\" \/>\u00a0 \u00a0<i class=\"fa fa-file-pdf-o\"><\/i><a href=\"https:\/\/www.incoop.gov.py\/wp-content\/uploads\/2026\/03\/INFORME-CRCC-INCOOP-FINAL-2025.pdf\" target=\"_blank\" rel=\"noopener\">Informe\u00a0 Cuarto Trimestre 2025<\/a><\/li><li><i class=\"fa\"><img decoding=\"async\" class=\"alignnone size-full wp-image-13959\" src=\"https:\/\/www.incoop.gov.py\/wp-content\/uploads\/2026\/03\/excel-icon.png\" alt=\"excel icon\" width=\"25\" height=\"25\" \/>\u00a0 \u00a0<\/i><a href=\"https:\/\/www.incoop.gov.py\/wp-content\/uploads\/2026\/03\/INFORME-CRCC-INCOOP-FINAL-2025.xlsx\" target=\"_blank\" rel=\"noopener\">Informe Cuarto\u00a0 Trimestre 2025<\/a><\/li><\/ul><\/div>\n\t\t\t\t<\/div>\n\t\t\t\t\t\t\t<div class=\"elementor-accordion-item\">\n\t\t\t\t\t<div id=\"elementor-tab-title-2343\" class=\"elementor-tab-title\" data-tab=\"3\" role=\"button\" aria-controls=\"elementor-tab-content-2343\" aria-expanded=\"false\">\n\t\t\t\t\t\t\t\t\t\t\t\t\t<span class=\"elementor-accordion-icon elementor-accordion-icon-left\" aria-hidden=\"true\">\n\t\t\t\t\t\t\t\t\t\t\t\t\t\t\t<span class=\"elementor-accordion-icon-closed\"><i class=\"fas fa-plus\"><\/i><\/span>\n\t\t\t\t\t\t\t\t<span class=\"elementor-accordion-icon-opened\"><i class=\"fas fa-minus\"><\/i><\/span>\n\t\t\t\t\t\t\t\t\t\t\t\t\t\t<\/span>\n\t\t\t\t\t\t\t\t\t\t\t\t<a class=\"elementor-accordion-title\" tabindex=\"0\">EJERCICIO FISCAL 2024<\/a>\n\t\t\t\t\t<\/div>\n\t\t\t\t\t<div id=\"elementor-tab-content-2343\" class=\"elementor-tab-content elementor-clearfix\" data-tab=\"3\" role=\"region\" aria-labelledby=\"elementor-tab-title-2343\"><ul><li><img decoding=\"async\" class=\"alignnone wp-image-13731\" src=\"https:\/\/www.incoop.gov.py\/wp-content\/uploads\/2026\/02\/pdf-icon.webp\" alt=\"\" width=\"24\" height=\"24\" srcset=\"https:\/\/www.incoop.gov.py\/wp-content\/uploads\/2026\/02\/pdf-icon.webp 512w, https:\/\/www.incoop.gov.py\/wp-content\/uploads\/2026\/02\/pdf-icon-300x300.webp 300w, https:\/\/www.incoop.gov.py\/wp-content\/uploads\/2026\/02\/pdf-icon-150x150.webp 150w\" sizes=\"(max-width: 24px) 100vw, 24px\" \/>\u00a0 \u00a0<i class=\"fa fa-file-pdf-o\"><\/i><a href=\"https:\/\/www.incoop.gov.py\/wp-content\/uploads\/2020\/07\/BAGP-2024-INCOOP.pdf\" target=\"_blank\" rel=\"noopener\">Memoria Anual 2024<\/a><\/li><\/ul><\/div>\n\t\t\t\t<\/div>\n\t\t\t\t\t\t\t\t<\/div>\n\t\t\t\t\t\t<\/div>\n\t\t\t\t<\/div>\n\t\t\t\t\t<\/div>\n\t\t<\/div>\n\t\t\t\t\t<\/div>\n\t\t<\/section>\n\t\t\t\t<\/div>\n\t\t","protected":false},"excerpt":{"rendered":"<p>El nuevo modelo de rendici\u00f3n de cuentas se desarrolla en base a la metodolog\u00eda establecida en el manual aprobado por el Decreto N\u00b0 2991\/19, que encarga a las autoridades de las instituciones del Poder Ejecutivo, a impulsar actividades de rendici\u00f3n sobre su gesti\u00f3n, dirigidos al sujeto destinatario del servicio (el ciudadano), de forma sencilla, amigable [&hellip;]<\/p>\n","protected":false},"author":1,"featured_media":0,"parent":0,"menu_order":0,"comment_status":"closed","ping_status":"closed","template":"elementor_header_footer","meta":{"footnotes":""},"class_list":["post-11994","page","type-page","status-publish","hentry"],"_links":{"self":[{"href":"https:\/\/www.incoop.gov.py\/index.php?rest_route=\/wp\/v2\/pages\/11994","targetHints":{"allow":["GET"]}}],"collection":[{"href":"https:\/\/www.incoop.gov.py\/index.php?rest_route=\/wp\/v2\/pages"}],"about":[{"href":"https:\/\/www.incoop.gov.py\/index.php?rest_route=\/wp\/v2\/types\/page"}],"author":[{"embeddable":true,"href":"https:\/\/www.incoop.gov.py\/index.php?rest_route=\/wp\/v2\/users\/1"}],"replies":[{"embeddable":true,"href":"https:\/\/www.incoop.gov.py\/index.php?rest_route=%2Fwp%2Fv2%2Fcomments&post=11994"}],"version-history":[{"count":25,"href":"https:\/\/www.incoop.gov.py\/index.php?rest_route=\/wp\/v2\/pages\/11994\/revisions"}],"predecessor-version":[{"id":14324,"href":"https:\/\/www.incoop.gov.py\/index.php?rest_route=\/wp\/v2\/pages\/11994\/revisions\/14324"}],"wp:attachment":[{"href":"https:\/\/www.incoop.gov.py\/index.php?rest_route=%2Fwp%2Fv2%2Fmedia&parent=11994"}],"curies":[{"name":"wp","href":"https:\/\/api.w.org\/{rel}","templated":true}]}}