{"id":10202,"date":"2021-06-09T11:18:09","date_gmt":"2021-06-09T15:18:09","guid":{"rendered":"http:\/\/www.incoop.gov.py\/v2\/?page_id=10202"},"modified":"2026-03-16T11:08:55","modified_gmt":"2026-03-16T14:08:55","slug":"balances-cacs-tipo-a","status":"publish","type":"page","link":"https:\/\/www.incoop.gov.py\/?page_id=10202","title":{"rendered":"Balances de Cooperativas de Ahorro y Cr\u00e9dito Tipo A"},"content":{"rendered":"\t\t<div data-elementor-type=\"wp-page\" data-elementor-id=\"10202\" class=\"elementor elementor-10202\">\n\t\t\t\t\t\t<section class=\"elementor-section elementor-top-section elementor-element elementor-element-0d8ef7c elementor-section-boxed elementor-section-height-default elementor-section-height-default\" data-id=\"0d8ef7c\" data-element_type=\"section\">\n\t\t\t\t\t\t<div class=\"elementor-container elementor-column-gap-default\">\n\t\t\t\t\t<div class=\"elementor-column elementor-col-50 elementor-top-column elementor-element elementor-element-d62f233\" data-id=\"d62f233\" data-element_type=\"column\">\n\t\t\t<div class=\"elementor-widget-wrap elementor-element-populated\">\n\t\t\t\t\t\t<div class=\"elementor-element elementor-element-8a421fa elementor-widget elementor-widget-heading\" data-id=\"8a421fa\" data-element_type=\"widget\" data-widget_type=\"heading.default\">\n\t\t\t\t<div class=\"elementor-widget-container\">\n\t\t\t\t\t<h2 class=\"elementor-heading-title elementor-size-default\">Balances de Cooperativas de <br>Ahorro y Cr\u00e9dito Tipo A<\/h2>\t\t\t\t<\/div>\n\t\t\t\t<\/div>\n\t\t\t\t<div class=\"elementor-element elementor-element-d1dc89c elementor-widget elementor-widget-text-editor\" data-id=\"d1dc89c\" data-element_type=\"widget\" data-widget_type=\"text-editor.default\">\n\t\t\t\t<div class=\"elementor-widget-container\">\n\t\t\t\t\t\t\t\t\t<ul><li><img decoding=\"async\" class=\"alignnone size-full wp-image-13959\" src=\"https:\/\/www.incoop.gov.py\/wp-content\/uploads\/2026\/03\/excel-icon.png\" alt=\"excel icon\" width=\"25\" height=\"25\" \/> <a href=\"https:\/\/www.incoop.gov.py\/wp-content\/uploads\/2026\/03\/CAC-TIPO-A-Dic.2024.xlsm\" target=\"_blank\" rel=\"noopener\">Junio (Periodo 2025)<\/a><\/li><li><img decoding=\"async\" class=\"alignnone size-full wp-image-13959\" src=\"https:\/\/www.incoop.gov.py\/wp-content\/uploads\/2026\/03\/excel-icon.png\" alt=\"excel icon\" width=\"25\" height=\"25\" \/>\u00a0<a href=\"https:\/\/www.incoop.gov.py\/wp-content\/uploads\/2026\/03\/CAC-TIPO-A-Dic.2024.xlsm\" target=\"_blank\" rel=\"noopener\">Diciembre (Periodo 2024)<\/a><\/li><li><img decoding=\"async\" class=\"alignnone size-full wp-image-13560 lazyloaded\" src=\"https:\/\/www.incoop.gov.py\/wp-content\/uploads\/2026\/03\/excel-icon.png\" alt=\"excel icon\" width=\"24\" height=\"24\" data-src=\"https:\/\/web.archive.org\/web\/20250920010940\/https:\/\/www.incoop.gov.py\/wp-content\/uploads\/2024\/08\/excel-icon.png\" \/>\u00a0\u00a0<a href=\"https:\/\/www.incoop.gov.py\/wp-content\/uploads\/2021\/06\/CAC-TIPO-A-Dic.-2023.xlsm\" target=\"_blank\" rel=\"noopener\">Diciembre (Periodo 2023)<\/a><\/li><li><img decoding=\"async\" class=\"alignnone size-full wp-image-13560 lazyloaded\" src=\"https:\/\/www.incoop.gov.py\/wp-content\/uploads\/2026\/03\/excel-icon.png\" alt=\"excel icon\" width=\"24\" height=\"24\" data-src=\"https:\/\/www.incoop.gov.py\/wp-content\/uploads\/2024\/08\/excel-icon.png\" \/>\u00a0\u00a0<a href=\"https:\/\/www.incoop.gov.py\/wp-content\/uploads\/2021\/06\/Diciembre-2022.xlsx\">Diciembre (Periodo 2022)<\/a><\/li><li><img decoding=\"async\" class=\"alignnone size-full wp-image-13560 lazyloaded\" src=\"https:\/\/www.incoop.gov.py\/wp-content\/uploads\/2026\/03\/excel-icon.png\" alt=\"excel icon\" width=\"24\" height=\"24\" data-src=\"https:\/\/www.incoop.gov.py\/wp-content\/uploads\/2024\/08\/excel-icon.png\" \/>\u00a0\u00a0\u00a0<a href=\"https:\/\/www.incoop.gov.py\/wp-content\/uploads\/2021\/06\/Diciembre-20211.xlsx\">Diciembre (Periodo 2021)<\/a><\/li><li><img decoding=\"async\" class=\"alignnone size-full wp-image-13560 lazyloaded\" src=\"https:\/\/www.incoop.gov.py\/wp-content\/uploads\/2026\/03\/excel-icon.png\" alt=\"excel icon\" width=\"24\" height=\"24\" data-src=\"https:\/\/www.incoop.gov.py\/wp-content\/uploads\/2024\/08\/excel-icon.png\" \/>\u00a0\u00a0<a href=\"https:\/\/www.incoop.gov.py\/wp-content\/uploads\/2021\/06\/2020-12-Balances-CACs.xlsx\" target=\"_blank\" rel=\"noopener\">Diciembre (Periodo 2020)<\/a><\/li><li><img decoding=\"async\" class=\"alignnone size-full wp-image-13560 lazyloaded\" src=\"https:\/\/www.incoop.gov.py\/wp-content\/uploads\/2026\/03\/excel-icon.png\" alt=\"excel icon\" width=\"24\" height=\"24\" data-src=\"https:\/\/www.incoop.gov.py\/wp-content\/uploads\/2024\/08\/excel-icon.png\" \/>\u00a0\u00a0<a href=\"https:\/\/www.incoop.gov.py\/wp-content\/uploads\/2021\/06\/2019-12-Balances-CACs.xlsx\" target=\"_blank\" rel=\"noopener\">Diciembre (Periodo 2019)<\/a><\/li><li><img decoding=\"async\" class=\"alignnone size-full wp-image-13560 lazyloaded\" src=\"https:\/\/www.incoop.gov.py\/wp-content\/uploads\/2026\/03\/excel-icon.png\" alt=\"excel icon\" width=\"24\" height=\"24\" data-src=\"https:\/\/www.incoop.gov.py\/wp-content\/uploads\/2024\/08\/excel-icon.png\" \/>\u00a0\u00a0<a href=\"https:\/\/www.incoop.gov.py\/wp-content\/uploads\/2021\/06\/2018-12-Balances-CACs.xlsx\" target=\"_blank\" rel=\"noopener\">Diciembre (Periodo 2018)<\/a><\/li><li><img loading=\"lazy\" decoding=\"async\" class=\"alignnone size-full wp-image-13560 ls-is-cached lazyloaded\" src=\"https:\/\/www.incoop.gov.py\/wp-content\/uploads\/2026\/03\/excel-icon.png\" alt=\"excel icon\" width=\"24\" height=\"24\" data-src=\"https:\/\/www.incoop.gov.py\/wp-content\/uploads\/2024\/08\/excel-icon.png\" \/>\u00a0\u00a0<a href=\"https:\/\/www.incoop.gov.py\/wp-content\/uploads\/2021\/06\/2017-12-Balances-CACs.xlsx\" target=\"_blank\" rel=\"noopener\">Diciembre (Periodo 2017)<\/a><\/li><\/ul>\t\t\t\t\t\t\t\t<\/div>\n\t\t\t\t<\/div>\n\t\t\t\t\t<\/div>\n\t\t<\/div>\n\t\t\t\t<div class=\"elementor-column elementor-col-50 elementor-top-column elementor-element elementor-element-3e00edb\" data-id=\"3e00edb\" data-element_type=\"column\">\n\t\t\t<div class=\"elementor-widget-wrap elementor-element-populated\">\n\t\t\t\t\t\t<div class=\"elementor-element elementor-element-d9e3192 elementor-widget elementor-widget-heading\" data-id=\"d9e3192\" data-element_type=\"widget\" data-widget_type=\"heading.default\">\n\t\t\t\t<div class=\"elementor-widget-container\">\n\t\t\t\t\t<h2 class=\"elementor-heading-title elementor-size-default\">Balances de Cooperativas de <br>Producci\u00f3n Tipo A<\/h2>\t\t\t\t<\/div>\n\t\t\t\t<\/div>\n\t\t\t\t<div class=\"elementor-element elementor-element-f9c6c37 elementor-widget elementor-widget-text-editor\" data-id=\"f9c6c37\" data-element_type=\"widget\" data-widget_type=\"text-editor.default\">\n\t\t\t\t<div class=\"elementor-widget-container\">\n\t\t\t\t\t\t\t\t\t<ul><li><img decoding=\"async\" class=\"alignnone size-full wp-image-13959\" src=\"https:\/\/www.incoop.gov.py\/wp-content\/uploads\/2026\/03\/excel-icon.png\" alt=\"excel icon\" width=\"25\" height=\"25\" \/> <a href=\"https:\/\/www.incoop.gov.py\/wp-content\/uploads\/2026\/03\/CP-Tipo-A-Jun.2025.xlsx\" target=\"_blank\" rel=\"noopener\">Junio \u2013 CP Tipo A (Periodo 2025)<\/a><\/li><li><img decoding=\"async\" class=\"alignnone size-full wp-image-13959\" src=\"https:\/\/www.incoop.gov.py\/wp-content\/uploads\/2026\/03\/excel-icon.png\" alt=\"excel icon\" width=\"25\" height=\"25\" \/>\u00a0<a style=\"font-family: inherit;\" href=\"https:\/\/www.incoop.gov.py\/wp-content\/uploads\/2025\/02\/Diciembre-2023-CP-Tipo-A.xlsx\">Diciembre 2023 \u2013 CP Tipo A (Periodo 2023)<\/a><\/li><li><img decoding=\"async\" class=\"alignnone size-full wp-image-13959\" src=\"https:\/\/www.incoop.gov.py\/wp-content\/uploads\/2026\/03\/excel-icon.png\" alt=\"excel icon\" width=\"25\" height=\"25\" \/>\u00a0<a style=\"font-family: inherit;\" href=\"https:\/\/www.incoop.gov.py\/wp-content\/uploads\/2021\/06\/Diciembre-2022-CP-Tipo-A.xls\">Diciembre 2022 \u2013 CP Tipo A (Periodo 2022)<\/a><\/li><li><img decoding=\"async\" class=\"alignnone size-full wp-image-13959\" src=\"https:\/\/www.incoop.gov.py\/wp-content\/uploads\/2026\/03\/excel-icon.png\" alt=\"excel icon\" width=\"25\" height=\"25\" \/>\u00a0<a style=\"font-family: inherit;\" href=\"https:\/\/www.incoop.gov.py\/wp-content\/uploads\/2021\/06\/Diciembre-2021-CP-Tipo-A.xls\">Diciembre 2021 \u2013 CP Tipo A (Periodo 2021)<\/a><\/li><li><img decoding=\"async\" class=\"alignnone size-full wp-image-13959\" src=\"https:\/\/www.incoop.gov.py\/wp-content\/uploads\/2026\/03\/excel-icon.png\" alt=\"excel icon\" width=\"25\" height=\"25\" \/>\u00a0<a style=\"font-family: inherit;\" href=\"https:\/\/www.incoop.gov.py\/wp-content\/uploads\/2021\/06\/Diciembre-2020-CP-Tipo-A.xls\">Diciembre 2020 \u2013 CP Tipo A (Periodo 2020)<\/a><\/li><li><img decoding=\"async\" class=\"alignnone size-full wp-image-13959\" src=\"https:\/\/www.incoop.gov.py\/wp-content\/uploads\/2026\/03\/excel-icon.png\" alt=\"excel icon\" width=\"25\" height=\"25\" \/>\u00a0<a style=\"font-family: inherit;\" href=\"https:\/\/www.incoop.gov.py\/wp-content\/uploads\/2021\/06\/Diciembre-2019-CP-Tipo-A.xls\">Diciembre 2019 \u2013 CP Tipo A (Periodo 2019)<\/a><\/li><li><img decoding=\"async\" class=\"alignnone size-full wp-image-13959\" src=\"https:\/\/www.incoop.gov.py\/wp-content\/uploads\/2026\/03\/excel-icon.png\" alt=\"excel icon\" width=\"25\" height=\"25\" \/>\u00a0<a style=\"font-family: inherit;\" href=\"https:\/\/www.incoop.gov.py\/wp-content\/uploads\/2021\/06\/Diciembre-2018-CP-Tipo-A.xls\">Diciembre 2018 \u2013 CP Tipo A (Periodo 2018)<\/a><\/li><li><img decoding=\"async\" class=\"alignnone size-full wp-image-13959\" src=\"https:\/\/www.incoop.gov.py\/wp-content\/uploads\/2026\/03\/excel-icon.png\" alt=\"excel icon\" width=\"25\" height=\"25\" \/>\u00a0<a style=\"font-family: inherit;\" href=\"https:\/\/www.incoop.gov.py\/wp-content\/uploads\/2021\/06\/Diciembre-2017-CP-Tipo-A.xls\">Diciembre 2017 \u2013 CP Tipo A (Periodo 2017)<\/a><\/li><\/ul>\t\t\t\t\t\t\t\t<\/div>\n\t\t\t\t<\/div>\n\t\t\t\t\t<\/div>\n\t\t<\/div>\n\t\t\t\t\t<\/div>\n\t\t<\/section>\n\t\t\t\t<section class=\"elementor-section elementor-top-section elementor-element elementor-element-3daa4f9 elementor-section-boxed elementor-section-height-default elementor-section-height-default\" data-id=\"3daa4f9\" data-element_type=\"section\">\n\t\t\t\t\t\t<div class=\"elementor-container elementor-column-gap-default\">\n\t\t\t\t\t<div class=\"elementor-column elementor-col-100 elementor-top-column elementor-element elementor-element-dfe4ecb\" data-id=\"dfe4ecb\" data-element_type=\"column\">\n\t\t\t<div class=\"elementor-widget-wrap elementor-element-populated\">\n\t\t\t\t\t\t<div class=\"elementor-element elementor-element-550ed01 elementor-widget elementor-widget-text-editor\" data-id=\"550ed01\" data-element_type=\"widget\" data-widget_type=\"text-editor.default\">\n\t\t\t\t<div class=\"elementor-widget-container\">\n\t\t\t\t\t\t\t\t\t<p class=\"elementor-heading-title elementor-size-default\"><i>Esta publicaci\u00f3n tiene car\u00e1cter referencial, ya que presenta la informaci\u00f3n de los estados financieros de la Cooperativas, tal como fue remitida por la propia entidad, a trav\u00e9s del sistema denominado Alerta Temprana. La DREI &#8211; INCOOP no valida ni certifica esta informaci\u00f3n, dejando su posterior revisi\u00f3n al proceso de supervisi\u00f3n que realiza este organismo de control.<\/i><\/p>\t\t\t\t\t\t\t\t<\/div>\n\t\t\t\t<\/div>\n\t\t\t\t\t<\/div>\n\t\t<\/div>\n\t\t\t\t\t<\/div>\n\t\t<\/section>\n\t\t\t\t<\/div>\n\t\t","protected":false},"excerpt":{"rendered":"<p>Balances de Cooperativas de Ahorro y Cr\u00e9dito Tipo A Junio (Periodo 2025) \u00a0Diciembre (Periodo 2024) \u00a0\u00a0Diciembre (Periodo 2023) \u00a0\u00a0Diciembre (Periodo 2022) \u00a0\u00a0\u00a0Diciembre (Periodo 2021) \u00a0\u00a0Diciembre (Periodo 2020) \u00a0\u00a0Diciembre (Periodo 2019) \u00a0\u00a0Diciembre (Periodo 2018) \u00a0\u00a0Diciembre (Periodo 2017) Balances de Cooperativas de Producci\u00f3n Tipo A Junio \u2013 CP Tipo A (Periodo 2025) \u00a0Diciembre 2023 \u2013 CP Tipo [&hellip;]<\/p>\n","protected":false},"author":1,"featured_media":0,"parent":0,"menu_order":0,"comment_status":"closed","ping_status":"closed","template":"elementor_header_footer","meta":{"footnotes":""},"class_list":["post-10202","page","type-page","status-publish","hentry"],"_links":{"self":[{"href":"https:\/\/www.incoop.gov.py\/index.php?rest_route=\/wp\/v2\/pages\/10202","targetHints":{"allow":["GET"]}}],"collection":[{"href":"https:\/\/www.incoop.gov.py\/index.php?rest_route=\/wp\/v2\/pages"}],"about":[{"href":"https:\/\/www.incoop.gov.py\/index.php?rest_route=\/wp\/v2\/types\/page"}],"author":[{"embeddable":true,"href":"https:\/\/www.incoop.gov.py\/index.php?rest_route=\/wp\/v2\/users\/1"}],"replies":[{"embeddable":true,"href":"https:\/\/www.incoop.gov.py\/index.php?rest_route=%2Fwp%2Fv2%2Fcomments&post=10202"}],"version-history":[{"count":31,"href":"https:\/\/www.incoop.gov.py\/index.php?rest_route=\/wp\/v2\/pages\/10202\/revisions"}],"predecessor-version":[{"id":14143,"href":"https:\/\/www.incoop.gov.py\/index.php?rest_route=\/wp\/v2\/pages\/10202\/revisions\/14143"}],"wp:attachment":[{"href":"https:\/\/www.incoop.gov.py\/index.php?rest_route=%2Fwp%2Fv2%2Fmedia&parent=10202"}],"curies":[{"name":"wp","href":"https:\/\/api.w.org\/{rel}","templated":true}]}}